{"id":5431,"date":"2026-01-21T03:55:23","date_gmt":"2026-01-21T02:55:23","guid":{"rendered":"https:\/\/www.morenoalvarezabogados.com\/?page_id=5431"},"modified":"2026-01-21T05:08:30","modified_gmt":"2026-01-21T04:08:30","slug":"gestion-y-cobranza-de-cartera","status":"publish","type":"page","link":"https:\/\/www.morenoalvarezabogados.com\/en\/gestion-y-cobranza-de-cartera\/","title":{"rendered":"Gesti\u00f3n y Cobranza de Cartera"},"content":{"rendered":"<div data-elementor-type=\"wp-page\" data-elementor-id=\"5431\" class=\"elementor elementor-5431\" data-elementor-post-type=\"page\">\n\t\t\t\t<div class=\"elementor-element elementor-element-7e2f7951 e-flex e-con-boxed e-con e-parent\" data-id=\"7e2f7951\" data-element_type=\"container\" data-e-type=\"container\">\n\t\t\t\t\t<div class=\"e-con-inner\">\n\t\t\t\t<div class=\"elementor-element elementor-element-0da79da elementor-widget elementor-widget-image\" data-id=\"0da79da\" data-element_type=\"widget\" data-e-type=\"widget\" data-widget_type=\"image.default\">\n\t\t\t\t\t\t\t\t\t\t\t\t\t\t\t<img fetchpriority=\"high\" decoding=\"async\" width=\"1652\" height=\"872\" src=\"https:\/\/www.morenoalvarezabogados.com\/wp-content\/uploads\/2026\/01\/16.png\" class=\"attachment-full size-full wp-image-5452\" alt=\"\" srcset=\"https:\/\/www.morenoalvarezabogados.com\/wp-content\/uploads\/2026\/01\/16.png 1652w, https:\/\/www.morenoalvarezabogados.com\/wp-content\/uploads\/2026\/01\/16-300x158.png 300w, https:\/\/www.morenoalvarezabogados.com\/wp-content\/uploads\/2026\/01\/16-1024x541.png 1024w, https:\/\/www.morenoalvarezabogados.com\/wp-content\/uploads\/2026\/01\/16-18x10.png 18w, https:\/\/www.morenoalvarezabogados.com\/wp-content\/uploads\/2026\/01\/16-1536x811.png 1536w, https:\/\/www.morenoalvarezabogados.com\/wp-content\/uploads\/2026\/01\/16-600x317.png 600w, https:\/\/www.morenoalvarezabogados.com\/wp-content\/uploads\/2026\/01\/16-1200x633.png 1200w\" sizes=\"100vw\" \/>\t\t\t\t\t\t\t\t\t\t\t\t\t\t\t<\/div>\n\t\t\t\t<div class=\"elementor-element elementor-element-d265c2a elementor-widget elementor-widget-spacer\" data-id=\"d265c2a\" data-element_type=\"widget\" data-e-type=\"widget\" data-widget_type=\"spacer.default\">\n\t\t\t\t\t\t\t<div class=\"elementor-spacer\">\n\t\t\t<div class=\"elementor-spacer-inner\"><\/div>\n\t\t<\/div>\n\t\t\t\t\t\t<\/div>\n\t\t\t\t<div class=\"elementor-element elementor-element-f270769 elementor-invisible elementor-widget elementor-widget-heading\" data-id=\"f270769\" data-element_type=\"widget\" data-e-type=\"widget\" data-settings=\"{&quot;_animation&quot;:&quot;slideInDown&quot;}\" data-widget_type=\"heading.default\">\n\t\t\t\t\t<h1 class=\"elementor-heading-title elementor-size-default\">GESTI\u00d3N Y COBRANZA DE CARTERA<\/h1>\t\t\t\t<\/div>\n\t\t<div class=\"elementor-element elementor-element-f6eae93 e-con-full e-flex e-con e-child\" data-id=\"f6eae93\" data-element_type=\"container\" data-e-type=\"container\">\n\t\t<div class=\"elementor-element elementor-element-646e395 e-con-full e-flex e-con e-child\" data-id=\"646e395\" data-element_type=\"container\" data-e-type=\"container\">\n\t\t\t\t<div class=\"elementor-element elementor-element-764ec63 elementor-widget-mobile__width-initial elementor-invisible elementor-widget elementor-widget-text-editor\" data-id=\"764ec63\" data-element_type=\"widget\" data-e-type=\"widget\" data-settings=\"{&quot;_animation&quot;:&quot;zoomIn&quot;}\" data-widget_type=\"text-editor.default\">\n\t\t\t\t\t\t\t\t\t<h2><span style=\"color: #063e98;\">We believe there are no lost causes and no small battles<\/span><\/h2>\t\t\t\t\t\t\t\t<\/div>\n\t\t\t\t<\/div>\n\t\t\t\t<\/div>\n\t\t\t\t\t<\/div>\n\t\t\t\t<\/div>\n\t\t<div class=\"elementor-element elementor-element-d6c23e5 e-flex e-con-boxed e-con e-parent\" data-id=\"d6c23e5\" data-element_type=\"container\" data-e-type=\"container\">\n\t\t\t\t\t<div class=\"e-con-inner\">\n\t\t\t\t<div class=\"elementor-element elementor-element-3751e9f elementor-widget-mobile__width-initial elementor-invisible elementor-widget elementor-widget-text-editor\" data-id=\"3751e9f\" data-element_type=\"widget\" data-e-type=\"widget\" data-settings=\"{&quot;_animation&quot;:&quot;slideInLeft&quot;}\" data-widget_type=\"text-editor.default\">\n\t\t\t\t\t\t\t\t\t<p data-start=\"331\" data-end=\"620\">El \u00e1rea de Gesti\u00f3n de Cartera y Cobranza de <strong>MORENO ALVAREZ ABOGADOS<\/strong> se orienta a la recuperaci\u00f3n eficiente, legal y estrat\u00e9gica de obligaciones vencidas, protegiendo el flujo de caja de empresas y personas naturales, y garantizando actuaciones ajustadas al marco normativo vigente.<\/p><p data-start=\"622\" data-end=\"893\">Nuestra Firma brinda acompa\u00f1amiento jur\u00eddico integral en la administraci\u00f3n, negociaci\u00f3n y recaudo de cartera, privilegiando soluciones preventivas y mecanismos alternativos, sin perjuicio del ejercicio de las acciones judiciales necesarias cuando el caso lo requiere.<\/p><p data-start=\"895\" data-end=\"1136\">La gesti\u00f3n se desarrolla bajo principios de legalidad, eficiencia, confidencialidad y respeto por el deudor, con una visi\u00f3n estrat\u00e9gica orientada a la recuperaci\u00f3n efectiva de los cr\u00e9ditos y la preservaci\u00f3n de las relaciones comerciales.<\/p>\t\t\t\t\t\t\t\t<\/div>\n\t\t\t\t\t<\/div>\n\t\t\t\t<\/div>\n\t\t<div class=\"elementor-element elementor-element-75e1ced e-flex e-con-boxed e-con e-parent\" data-id=\"75e1ced\" data-element_type=\"container\" data-e-type=\"container\">\n\t\t\t\t\t<div class=\"e-con-inner\">\n\t\t\t\t<div class=\"elementor-element elementor-element-a08de37 elementor-widget-mobile__width-initial elementor-invisible elementor-widget elementor-widget-text-editor\" data-id=\"a08de37\" data-element_type=\"widget\" data-e-type=\"widget\" data-settings=\"{&quot;_animation&quot;:&quot;slideInLeft&quot;}\" data-widget_type=\"text-editor.default\">\n\t\t\t\t\t\t\t\t\t<p data-start=\"1171\" data-end=\"1220\"><strong>Servicios Especiales:<\/strong><\/p><ul><li data-start=\"1169\" data-end=\"1220\"><p data-start=\"1171\" data-end=\"1220\">Cobro prejur\u00eddico y extrajudicial de cartera.<\/p><\/li><li data-start=\"1221\" data-end=\"1276\"><p data-start=\"1223\" data-end=\"1276\">Negociaci\u00f3n de acuerdos de pago y conciliaciones.<\/p><\/li><li data-start=\"1277\" data-end=\"1327\"><p data-start=\"1279\" data-end=\"1327\">Recuperaci\u00f3n de cartera vencida y castigada.<\/p><\/li><li data-start=\"1328\" data-end=\"1378\"><p data-start=\"1330\" data-end=\"1378\">Cobro judicial mediante procesos ejecutivos.<\/p><\/li><li data-start=\"1379\" data-end=\"1443\"><p data-start=\"1381\" data-end=\"1443\">Acompa\u00f1amiento en la administraci\u00f3n preventiva de cartera.<\/p><\/li><li data-start=\"1444\" data-end=\"1505\"><p data-start=\"1446\" data-end=\"1505\">An\u00e1lisis jur\u00eddico de t\u00edtulos valores y documentos soportes.<\/p><\/li><li data-start=\"1506\" data-end=\"1574\"><p data-start=\"1508\" data-end=\"1574\">Asesor\u00eda para mejorar pol\u00edticas internas de cr\u00e9dito y recaudo.<\/p><\/li><li data-start=\"1575\" data-end=\"1676\"><p data-start=\"1577\" data-end=\"1676\">Representaci\u00f3n judicial y extrajudicial en conflictos derivados del incumplimiento de obligaciones.<\/p><\/li><\/ul>\t\t\t\t\t\t\t\t<\/div>\n\t\t\t\t\t<\/div>\n\t\t\t\t<\/div>\n\t\t<div class=\"elementor-element elementor-element-af8d9b4 e-flex e-con-boxed e-con e-parent\" data-id=\"af8d9b4\" data-element_type=\"container\" data-e-type=\"container\">\n\t\t\t\t\t<div class=\"e-con-inner\">\n\t\t\t\t<div class=\"elementor-element elementor-element-9916421 elementor-widget-mobile__width-initial elementor-invisible elementor-widget elementor-widget-text-editor\" data-id=\"9916421\" data-element_type=\"widget\" data-e-type=\"widget\" data-settings=\"{&quot;_animation&quot;:&quot;slideInLeft&quot;}\" data-widget_type=\"text-editor.default\">\n\t\t\t\t\t\t\t\t\t<p data-start=\"2007\" data-end=\"2305\">Nuestro equipo cuenta con experiencia en la <strong data-start=\"1722\" data-end=\"1753\">gesti\u00f3n integral de cartera<\/strong>, actuando con criterios t\u00e9cnicos y estrat\u00e9gicos que permiten maximizar la recuperaci\u00f3n de los cr\u00e9ditos, minimizar el riesgo jur\u00eddico y garantizar procesos de cobranza <strong data-start=\"1921\" data-end=\"1959\">transparentes y plenamente legales<\/strong>.<\/p>\t\t\t\t\t\t\t\t<\/div>\n\t\t\t\t\t<\/div>\n\t\t\t\t<\/div>\n\t\t<div class=\"elementor-element elementor-element-b4e326d e-flex e-con-boxed e-con e-parent\" data-id=\"b4e326d\" data-element_type=\"container\" data-e-type=\"container\">\n\t\t\t\t\t<div class=\"e-con-inner\">\n\t\t\t\t<div class=\"elementor-element elementor-element-99553a2 elementor-widget elementor-widget-spacer\" data-id=\"99553a2\" data-element_type=\"widget\" data-e-type=\"widget\" data-widget_type=\"spacer.default\">\n\t\t\t\t\t\t\t<div class=\"elementor-spacer\">\n\t\t\t<div class=\"elementor-spacer-inner\"><\/div>\n\t\t<\/div>\n\t\t\t\t\t\t<\/div>\n\t\t\t\t\t<\/div>\n\t\t\t\t<\/div>\n\t\t\t\t<\/div>","protected":false},"excerpt":{"rendered":"<p>GESTI\u00d3N Y COBRANZA DE CARTERA Creemos que no hay causas perdidas ni batallas peque\u00f1as El \u00e1rea de Gesti\u00f3n de Cartera y Cobranza de MORENO ALVAREZ ABOGADOS se orienta a la recuperaci\u00f3n eficiente, legal y estrat\u00e9gica de obligaciones vencidas, protegiendo el flujo de caja de empresas y personas naturales, y garantizando actuaciones ajustadas al marco normativo &hellip; <\/p>\n<p class=\"link-more\"><a href=\"https:\/\/www.morenoalvarezabogados.com\/en\/gestion-y-cobranza-de-cartera\/\" class=\"more-link\">Read more<span class=\"screen-reader-text\"> &#8220;Gesti\u00f3n y Cobranza de Cartera&#8221;<\/span><\/a><\/p>","protected":false},"author":1,"featured_media":0,"parent":0,"menu_order":0,"comment_status":"closed","ping_status":"closed","template":"","meta":{"_acf_changed":false,"inspiro_hide_title":false,"footnotes":""},"class_list":["post-5431","page","type-page","status-publish","hentry"],"acf":[],"featured_media_urls":[],"_links":{"self":[{"href":"https:\/\/www.morenoalvarezabogados.com\/en\/wp-json\/wp\/v2\/pages\/5431","targetHints":{"allow":["GET"]}}],"collection":[{"href":"https:\/\/www.morenoalvarezabogados.com\/en\/wp-json\/wp\/v2\/pages"}],"about":[{"href":"https:\/\/www.morenoalvarezabogados.com\/en\/wp-json\/wp\/v2\/types\/page"}],"author":[{"embeddable":true,"href":"https:\/\/www.morenoalvarezabogados.com\/en\/wp-json\/wp\/v2\/users\/1"}],"replies":[{"embeddable":true,"href":"https:\/\/www.morenoalvarezabogados.com\/en\/wp-json\/wp\/v2\/comments?post=5431"}],"version-history":[{"count":7,"href":"https:\/\/www.morenoalvarezabogados.com\/en\/wp-json\/wp\/v2\/pages\/5431\/revisions"}],"predecessor-version":[{"id":5455,"href":"https:\/\/www.morenoalvarezabogados.com\/en\/wp-json\/wp\/v2\/pages\/5431\/revisions\/5455"}],"wp:attachment":[{"href":"https:\/\/www.morenoalvarezabogados.com\/en\/wp-json\/wp\/v2\/media?parent=5431"}],"curies":[{"name":"wp","href":"https:\/\/api.w.org\/{rel}","templated":true}]}}