{"id":5420,"date":"2026-01-21T03:47:10","date_gmt":"2026-01-21T02:47:10","guid":{"rendered":"https:\/\/www.morenoalvarezabogados.com\/?page_id=5420"},"modified":"2026-01-21T05:15:07","modified_gmt":"2026-01-21T04:15:07","slug":"marketing-y-comunicaciones-servicios-juridicos","status":"publish","type":"page","link":"https:\/\/www.morenoalvarezabogados.com\/en\/marketing-y-comunicaciones-servicios-juridicos\/","title":{"rendered":"Marketing y Comunicaci\u00f3nes &#8211; Servicios Jur\u00eddicos"},"content":{"rendered":"<div data-elementor-type=\"wp-page\" data-elementor-id=\"5420\" class=\"elementor elementor-5420\" data-elementor-post-type=\"page\">\n\t\t\t\t<div class=\"elementor-element elementor-element-7e2f7951 e-flex e-con-boxed e-con e-parent\" data-id=\"7e2f7951\" data-element_type=\"container\" data-e-type=\"container\">\n\t\t\t\t\t<div class=\"e-con-inner\">\n\t\t\t\t<div class=\"elementor-element elementor-element-0da79da elementor-widget elementor-widget-image\" data-id=\"0da79da\" data-element_type=\"widget\" data-e-type=\"widget\" data-widget_type=\"image.default\">\n\t\t\t\t\t\t\t\t\t\t\t\t\t\t\t<img fetchpriority=\"high\" decoding=\"async\" width=\"1427\" height=\"950\" src=\"https:\/\/www.morenoalvarezabogados.com\/wp-content\/uploads\/2026\/01\/18.png\" class=\"attachment-full size-full wp-image-5464\" alt=\"\" srcset=\"https:\/\/www.morenoalvarezabogados.com\/wp-content\/uploads\/2026\/01\/18.png 1427w, https:\/\/www.morenoalvarezabogados.com\/wp-content\/uploads\/2026\/01\/18-300x200.png 300w, https:\/\/www.morenoalvarezabogados.com\/wp-content\/uploads\/2026\/01\/18-1024x682.png 1024w, https:\/\/www.morenoalvarezabogados.com\/wp-content\/uploads\/2026\/01\/18-18x12.png 18w, https:\/\/www.morenoalvarezabogados.com\/wp-content\/uploads\/2026\/01\/18-600x399.png 600w, https:\/\/www.morenoalvarezabogados.com\/wp-content\/uploads\/2026\/01\/18-1200x799.png 1200w\" sizes=\"100vw\" \/>\t\t\t\t\t\t\t\t\t\t\t\t\t\t\t<\/div>\n\t\t\t\t<div class=\"elementor-element elementor-element-d260ba0 elementor-invisible elementor-widget elementor-widget-heading\" data-id=\"d260ba0\" data-element_type=\"widget\" data-e-type=\"widget\" data-settings=\"{&quot;_animation&quot;:&quot;slideInDown&quot;}\" data-widget_type=\"heading.default\">\n\t\t\t\t\t<h1 class=\"elementor-heading-title elementor-size-default\">MARKETING Y COMUNICACIONES - SERVICIOS JUR\u00cdDICOS<\/h1>\t\t\t\t<\/div>\n\t\t\t\t<div class=\"elementor-element elementor-element-d265c2a elementor-widget elementor-widget-spacer\" data-id=\"d265c2a\" data-element_type=\"widget\" data-e-type=\"widget\" data-widget_type=\"spacer.default\">\n\t\t\t\t\t\t\t<div class=\"elementor-spacer\">\n\t\t\t<div class=\"elementor-spacer-inner\"><\/div>\n\t\t<\/div>\n\t\t\t\t\t\t<\/div>\n\t\t<div class=\"elementor-element elementor-element-f6eae93 e-con-full e-flex e-con e-child\" data-id=\"f6eae93\" data-element_type=\"container\" data-e-type=\"container\">\n\t\t<div class=\"elementor-element elementor-element-646e395 e-con-full e-flex e-con e-child\" data-id=\"646e395\" data-element_type=\"container\" data-e-type=\"container\">\n\t\t\t\t<div class=\"elementor-element elementor-element-764ec63 elementor-widget-mobile__width-initial elementor-invisible elementor-widget elementor-widget-text-editor\" data-id=\"764ec63\" data-element_type=\"widget\" data-e-type=\"widget\" data-settings=\"{&quot;_animation&quot;:&quot;zoomIn&quot;}\" data-widget_type=\"text-editor.default\">\n\t\t\t\t\t\t\t\t\t<h2><span style=\"color: #063e98;\">We believe there are no lost causes and no small battles<\/span><\/h2>\t\t\t\t\t\t\t\t<\/div>\n\t\t\t\t<\/div>\n\t\t\t\t<\/div>\n\t\t\t\t\t<\/div>\n\t\t\t\t<\/div>\n\t\t<div class=\"elementor-element elementor-element-d6c23e5 e-flex e-con-boxed e-con e-parent\" data-id=\"d6c23e5\" data-element_type=\"container\" data-e-type=\"container\">\n\t\t\t\t\t<div class=\"e-con-inner\">\n\t\t\t\t<div class=\"elementor-element elementor-element-3751e9f elementor-widget-mobile__width-initial elementor-invisible elementor-widget elementor-widget-text-editor\" data-id=\"3751e9f\" data-element_type=\"widget\" data-e-type=\"widget\" data-settings=\"{&quot;_animation&quot;:&quot;slideInLeft&quot;}\" data-widget_type=\"text-editor.default\">\n\t\t\t\t\t\t\t\t\t<p data-start=\"466\" data-end=\"765\">El \u00e1rea de Marketing y Comunicaciones de <strong>MORENO ALVAREZ ABOGADOS<\/strong> se encuentra orientada a la asesor\u00eda jur\u00eddica estrat\u00e9gica en procesos de comunicaci\u00f3n p\u00fablica, institucional y corporativa, con \u00e9nfasis en la prevenci\u00f3n de riesgos legales, protecci\u00f3n reputacional y cumplimiento normativo.<\/p><p data-start=\"767\" data-end=\"1090\">Nuestra Firma acompa\u00f1a a personas naturales, empresas, organizaciones y servidores p\u00fablicos en el dise\u00f1o y ejecuci\u00f3n de estrategias de comunicaci\u00f3n desde un enfoque jur\u00eddico, garantizando que los mensajes, contenidos y campa\u00f1as se ajusten a la normativa vigente y reduzcan la exposici\u00f3n a responsabilidades legales.<\/p><p data-start=\"1092\" data-end=\"1345\">Ofrecemos una intervenci\u00f3n preventiva y reactiva en escenarios de crisis reputacional, exposici\u00f3n medi\u00e1tica, manejo de informaci\u00f3n sensible y conflictos comunicacionales, integrando criterios de derecho penal, constitucional, civil y administrativo.<\/p>\t\t\t\t\t\t\t\t<\/div>\n\t\t\t\t\t<\/div>\n\t\t\t\t<\/div>\n\t\t<div class=\"elementor-element elementor-element-75e1ced e-flex e-con-boxed e-con e-parent\" data-id=\"75e1ced\" data-element_type=\"container\" data-e-type=\"container\">\n\t\t\t\t\t<div class=\"e-con-inner\">\n\t\t\t\t<div class=\"elementor-element elementor-element-a08de37 elementor-widget-mobile__width-initial elementor-invisible elementor-widget elementor-widget-text-editor\" data-id=\"a08de37\" data-element_type=\"widget\" data-e-type=\"widget\" data-settings=\"{&quot;_animation&quot;:&quot;slideInLeft&quot;}\" data-widget_type=\"text-editor.default\">\n\t\t\t\t\t\t\t\t\t<p data-start=\"1380\" data-end=\"1451\"><strong>Servicios Especiales: <\/strong><\/p><ul><li data-start=\"1378\" data-end=\"1451\"><p data-start=\"1380\" data-end=\"1451\">Asesor\u00eda jur\u00eddica en comunicaciones institucionales y corporativas.<\/p><\/li><li data-start=\"1452\" data-end=\"1527\"><p data-start=\"1454\" data-end=\"1527\">Acompa\u00f1amiento legal en el manejo de crisis reputacional y medi\u00e1tica.<\/p><\/li><li data-start=\"1528\" data-end=\"1622\"><p data-start=\"1530\" data-end=\"1622\">Revisi\u00f3n jur\u00eddica de contenidos publicitarios, comunicados, campa\u00f1as y piezas digitales.<\/p><\/li><li data-start=\"1623\" data-end=\"1725\"><p data-start=\"1625\" data-end=\"1725\">Prevenci\u00f3n de riesgos legales en redes sociales, medios digitales y plataformas de comunicaci\u00f3n.<\/p><\/li><li data-start=\"1726\" data-end=\"1787\"><p data-start=\"1728\" data-end=\"1787\">Asesor\u00eda en derecho al buen nombre, honra y reputaci\u00f3n.<\/p><\/li><li data-start=\"1788\" data-end=\"1857\"><p data-start=\"1790\" data-end=\"1857\">Protecci\u00f3n jur\u00eddica del derecho a la imagen y datos personales.<\/p><\/li><li data-start=\"1858\" data-end=\"1971\"><p data-start=\"1860\" data-end=\"1971\">Acompa\u00f1amiento legal frente a acusaciones p\u00fablicas, se\u00f1alamientos medi\u00e1ticos y conflictos comunicacionales.<\/p><\/li><li data-start=\"1972\" data-end=\"2058\"><p data-start=\"1974\" data-end=\"2058\">Asesor\u00eda en comunicaci\u00f3n estrat\u00e9gica en casos de alto impacto social o jur\u00eddico.<\/p><\/li><li data-start=\"2059\" data-end=\"2158\"><p data-start=\"2061\" data-end=\"2158\">Intervenci\u00f3n jur\u00eddica frente a noticias falsas, desinformaci\u00f3n y afectaciones reputacionales.<\/p><\/li><\/ul>\t\t\t\t\t\t\t\t<\/div>\n\t\t\t\t\t<\/div>\n\t\t\t\t<\/div>\n\t\t<div class=\"elementor-element elementor-element-af8d9b4 e-flex e-con-boxed e-con e-parent\" data-id=\"af8d9b4\" data-element_type=\"container\" data-e-type=\"container\">\n\t\t\t\t\t<div class=\"e-con-inner\">\n\t\t\t\t<div class=\"elementor-element elementor-element-9916421 elementor-widget-mobile__width-initial elementor-invisible elementor-widget elementor-widget-text-editor\" data-id=\"9916421\" data-element_type=\"widget\" data-e-type=\"widget\" data-settings=\"{&quot;_animation&quot;:&quot;slideInLeft&quot;}\" data-widget_type=\"text-editor.default\">\n\t\t\t\t\t\t\t\t\t<p data-start=\"2007\" data-end=\"2305\">Nuestro equipo comprende que una comunicaci\u00f3n inadecuada puede generar <strong data-start=\"2231\" data-end=\"2297\">consecuencias legales, disciplinarias, penales o patrimoniales<\/strong>, por lo cual presta un servicio <strong data-start=\"2330\" data-end=\"2372\">preventivo, confidencial y estrat\u00e9gico<\/strong>, orientado a proteger los intereses jur\u00eddicos y la imagen p\u00fablica de nuestros clientes.<\/p>\t\t\t\t\t\t\t\t<\/div>\n\t\t\t\t\t<\/div>\n\t\t\t\t<\/div>\n\t\t<div class=\"elementor-element elementor-element-b4e326d e-flex e-con-boxed e-con e-parent\" data-id=\"b4e326d\" data-element_type=\"container\" data-e-type=\"container\">\n\t\t\t\t\t<div class=\"e-con-inner\">\n\t\t\t\t<div class=\"elementor-element elementor-element-99553a2 elementor-widget elementor-widget-spacer\" data-id=\"99553a2\" data-element_type=\"widget\" data-e-type=\"widget\" data-widget_type=\"spacer.default\">\n\t\t\t\t\t\t\t<div class=\"elementor-spacer\">\n\t\t\t<div class=\"elementor-spacer-inner\"><\/div>\n\t\t<\/div>\n\t\t\t\t\t\t<\/div>\n\t\t\t\t\t<\/div>\n\t\t\t\t<\/div>\n\t\t\t\t<\/div>","protected":false},"excerpt":{"rendered":"<p>MARKETING Y COMUNICACIONES &#8211; SERVICIOS JUR\u00cdDICOS Creemos que no hay causas perdidas ni batallas peque\u00f1as El \u00e1rea de Marketing y Comunicaciones de MORENO ALVAREZ ABOGADOS se encuentra orientada a la asesor\u00eda jur\u00eddica estrat\u00e9gica en procesos de comunicaci\u00f3n p\u00fablica, institucional y corporativa, con \u00e9nfasis en la prevenci\u00f3n de riesgos legales, protecci\u00f3n reputacional y cumplimiento normativo. Nuestra &hellip; <\/p>\n<p class=\"link-more\"><a href=\"https:\/\/www.morenoalvarezabogados.com\/en\/marketing-y-comunicaciones-servicios-juridicos\/\" class=\"more-link\">Read more<span class=\"screen-reader-text\"> &#8220;Marketing y Comunicaci\u00f3nes &#8211; Servicios Jur\u00eddicos&#8221;<\/span><\/a><\/p>","protected":false},"author":1,"featured_media":0,"parent":0,"menu_order":0,"comment_status":"closed","ping_status":"closed","template":"","meta":{"_acf_changed":false,"inspiro_hide_title":false,"footnotes":""},"class_list":["post-5420","page","type-page","status-publish","hentry"],"acf":[],"featured_media_urls":[],"_links":{"self":[{"href":"https:\/\/www.morenoalvarezabogados.com\/en\/wp-json\/wp\/v2\/pages\/5420","targetHints":{"allow":["GET"]}}],"collection":[{"href":"https:\/\/www.morenoalvarezabogados.com\/en\/wp-json\/wp\/v2\/pages"}],"about":[{"href":"https:\/\/www.morenoalvarezabogados.com\/en\/wp-json\/wp\/v2\/types\/page"}],"author":[{"embeddable":true,"href":"https:\/\/www.morenoalvarezabogados.com\/en\/wp-json\/wp\/v2\/users\/1"}],"replies":[{"embeddable":true,"href":"https:\/\/www.morenoalvarezabogados.com\/en\/wp-json\/wp\/v2\/comments?post=5420"}],"version-history":[{"count":13,"href":"https:\/\/www.morenoalvarezabogados.com\/en\/wp-json\/wp\/v2\/pages\/5420\/revisions"}],"predecessor-version":[{"id":5470,"href":"https:\/\/www.morenoalvarezabogados.com\/en\/wp-json\/wp\/v2\/pages\/5420\/revisions\/5470"}],"wp:attachment":[{"href":"https:\/\/www.morenoalvarezabogados.com\/en\/wp-json\/wp\/v2\/media?parent=5420"}],"curies":[{"name":"wp","href":"https:\/\/api.w.org\/{rel}","templated":true}]}}