{"id":5414,"date":"2026-01-21T03:35:01","date_gmt":"2026-01-21T02:35:01","guid":{"rendered":"https:\/\/www.morenoalvarezabogados.com\/?page_id=5414"},"modified":"2026-01-21T05:39:44","modified_gmt":"2026-01-21T04:39:44","slug":"derechos-humanos","status":"publish","type":"page","link":"https:\/\/www.morenoalvarezabogados.com\/en\/derechos-humanos\/","title":{"rendered":"Derechos Humanos y Litigio Estrat\u00e9gico"},"content":{"rendered":"<div data-elementor-type=\"wp-page\" data-elementor-id=\"5414\" class=\"elementor elementor-5414\" data-elementor-post-type=\"page\">\n\t\t\t\t<div class=\"elementor-element elementor-element-7e2f7951 e-flex e-con-boxed e-con e-parent\" data-id=\"7e2f7951\" data-element_type=\"container\" data-e-type=\"container\">\n\t\t\t\t\t<div class=\"e-con-inner\">\n\t\t\t\t<div class=\"elementor-element elementor-element-0da79da elementor-widget elementor-widget-image\" data-id=\"0da79da\" data-element_type=\"widget\" data-e-type=\"widget\" data-widget_type=\"image.default\">\n\t\t\t\t\t\t\t\t\t\t\t\t\t\t\t<img fetchpriority=\"high\" decoding=\"async\" width=\"1618\" height=\"1080\" src=\"https:\/\/www.morenoalvarezabogados.com\/wp-content\/uploads\/2026\/01\/15.png\" class=\"attachment-full size-full wp-image-5460\" alt=\"\" srcset=\"https:\/\/www.morenoalvarezabogados.com\/wp-content\/uploads\/2026\/01\/15.png 1618w, https:\/\/www.morenoalvarezabogados.com\/wp-content\/uploads\/2026\/01\/15-300x200.png 300w, https:\/\/www.morenoalvarezabogados.com\/wp-content\/uploads\/2026\/01\/15-1024x684.png 1024w, https:\/\/www.morenoalvarezabogados.com\/wp-content\/uploads\/2026\/01\/15-18x12.png 18w, https:\/\/www.morenoalvarezabogados.com\/wp-content\/uploads\/2026\/01\/15-1536x1025.png 1536w, https:\/\/www.morenoalvarezabogados.com\/wp-content\/uploads\/2026\/01\/15-600x400.png 600w, https:\/\/www.morenoalvarezabogados.com\/wp-content\/uploads\/2026\/01\/15-1200x801.png 1200w\" sizes=\"100vw\" \/>\t\t\t\t\t\t\t\t\t\t\t\t\t\t\t<\/div>\n\t\t\t\t<div class=\"elementor-element elementor-element-d265c2a elementor-widget elementor-widget-spacer\" data-id=\"d265c2a\" data-element_type=\"widget\" data-e-type=\"widget\" data-widget_type=\"spacer.default\">\n\t\t\t\t\t\t\t<div class=\"elementor-spacer\">\n\t\t\t<div class=\"elementor-spacer-inner\"><\/div>\n\t\t<\/div>\n\t\t\t\t\t\t<\/div>\n\t\t\t\t<div class=\"elementor-element elementor-element-f270769 elementor-invisible elementor-widget elementor-widget-heading\" data-id=\"f270769\" data-element_type=\"widget\" data-e-type=\"widget\" data-settings=\"{&quot;_animation&quot;:&quot;slideInDown&quot;}\" data-widget_type=\"heading.default\">\n\t\t\t\t\t<h1 class=\"elementor-heading-title elementor-size-default\">DERECHOS HUMANOS Y LITIGIO ESTRAT\u00c9GICO<\/h1>\t\t\t\t<\/div>\n\t\t<div class=\"elementor-element elementor-element-f6eae93 e-con-full e-flex e-con e-child\" data-id=\"f6eae93\" data-element_type=\"container\" data-e-type=\"container\">\n\t\t<div class=\"elementor-element elementor-element-646e395 e-con-full e-flex e-con e-child\" data-id=\"646e395\" data-element_type=\"container\" data-e-type=\"container\">\n\t\t\t\t<div class=\"elementor-element elementor-element-764ec63 elementor-widget-mobile__width-initial elementor-invisible elementor-widget elementor-widget-text-editor\" data-id=\"764ec63\" data-element_type=\"widget\" data-e-type=\"widget\" data-settings=\"{&quot;_animation&quot;:&quot;zoomIn&quot;}\" data-widget_type=\"text-editor.default\">\n\t\t\t\t\t\t\t\t\t<h2><span style=\"color: #063e98;\">We believe there are no lost causes and no small battles<\/span><\/h2>\t\t\t\t\t\t\t\t<\/div>\n\t\t\t\t<\/div>\n\t\t\t\t<\/div>\n\t\t\t\t\t<\/div>\n\t\t\t\t<\/div>\n\t\t<div class=\"elementor-element elementor-element-d6c23e5 e-flex e-con-boxed e-con e-parent\" data-id=\"d6c23e5\" data-element_type=\"container\" data-e-type=\"container\">\n\t\t\t\t\t<div class=\"e-con-inner\">\n\t\t\t\t<div class=\"elementor-element elementor-element-3751e9f elementor-widget-mobile__width-initial elementor-invisible elementor-widget elementor-widget-text-editor\" data-id=\"3751e9f\" data-element_type=\"widget\" data-e-type=\"widget\" data-settings=\"{&quot;_animation&quot;:&quot;slideInLeft&quot;}\" data-widget_type=\"text-editor.default\">\n\t\t\t\t\t\t\t\t\t<p data-start=\"796\" data-end=\"1118\">El \u00e1rea de Derechos Humanos de <strong>MORENO ALVAREZ ABOGADOS<\/strong> se encuentra orientada a la defensa, promoci\u00f3n y garant\u00eda efectiva de los derechos fundamentales, con especial \u00e9nfasis en contextos de conflictividad social, violencia estructural, exclusi\u00f3n, abuso de poder y afectaciones graves a poblaciones vulnerables.<\/p><p data-start=\"1120\" data-end=\"1419\">Nuestro ejercicio profesional combina el litigio estrat\u00e9gico, la acci\u00f3n constitucional, la representaci\u00f3n judicial de v\u00edctimas, y el acompa\u00f1amiento integral en escenarios administrativos, judiciales y extrajudiciales, bajo est\u00e1ndares nacionales e internacionales de derechos humanos.<\/p><p data-start=\"1421\" data-end=\"1786\">La Firma cuenta con experiencia comprobada en el an\u00e1lisis de contextos territoriales complejos, documentaci\u00f3n de violaciones a derechos humanos, formulaci\u00f3n de alertas tempranas, construcci\u00f3n de informes t\u00e9cnicos y jur\u00eddicos, as\u00ed como en la articulaci\u00f3n con organizaciones sociales, defensores de derechos humanos y mecanismos institucionales de protecci\u00f3nA<\/p>\t\t\t\t\t\t\t\t<\/div>\n\t\t\t\t\t<\/div>\n\t\t\t\t<\/div>\n\t\t<div class=\"elementor-element elementor-element-75e1ced e-flex e-con-boxed e-con e-parent\" data-id=\"75e1ced\" data-element_type=\"container\" data-e-type=\"container\">\n\t\t\t\t\t<div class=\"e-con-inner\">\n\t\t\t\t<div class=\"elementor-element elementor-element-a08de37 elementor-widget-mobile__width-initial elementor-invisible elementor-widget elementor-widget-text-editor\" data-id=\"a08de37\" data-element_type=\"widget\" data-e-type=\"widget\" data-settings=\"{&quot;_animation&quot;:&quot;slideInLeft&quot;}\" data-widget_type=\"text-editor.default\">\n\t\t\t\t\t\t\t\t\t<p data-start=\"1821\" data-end=\"1915\"><strong>Servicios Especiales:<\/strong><\/p><ul data-start=\"1819\" data-end=\"2812\"><li data-start=\"1819\" data-end=\"1915\"><p data-start=\"1821\" data-end=\"1915\">Representaci\u00f3n judicial y extrajudicial de v\u00edctimas de violaciones a los derechos humanos.<\/p><\/li><li data-start=\"1916\" data-end=\"2032\"><p data-start=\"1918\" data-end=\"2032\">Acciones constitucionales: tutelas, acciones populares, acciones de grupo y derechos de petici\u00f3n estrat\u00e9gicos.<\/p><\/li><li data-start=\"2033\" data-end=\"2109\"><p data-start=\"2035\" data-end=\"2109\">Litigio estrat\u00e9gico en casos de inter\u00e9s p\u00fablico y alto impacto social.<\/p><\/li><li data-start=\"2110\" data-end=\"2215\"><p data-start=\"2112\" data-end=\"2215\">Acompa\u00f1amiento jur\u00eddico a defensores de derechos humanos, l\u00edderes sociales y comunidades en riesgo.<\/p><\/li><li data-start=\"2216\" data-end=\"2328\"><p data-start=\"2218\" data-end=\"2328\">Asesor\u00eda en medidas de protecci\u00f3n, prevenci\u00f3n y autoprotecci\u00f3n, en coordinaci\u00f3n con rutas institucionales.<\/p><\/li><li data-start=\"2329\" data-end=\"2460\"><p data-start=\"2331\" data-end=\"2460\">Elaboraci\u00f3n de informes jur\u00eddicos y de contexto sobre situaciones de violencia, riesgo y afectaci\u00f3n a derechos fundamentales.<\/p><\/li><li data-start=\"2461\" data-end=\"2556\"><p data-start=\"2463\" data-end=\"2556\">Incidencia jur\u00eddica ante autoridades administrativas, judiciales y organismos de control.<\/p><\/li><li data-start=\"2557\" data-end=\"2661\"><p data-start=\"2559\" data-end=\"2661\">Asesor\u00eda y acompa\u00f1amiento en procesos de reparaci\u00f3n integral, verdad y garant\u00edas de no repetici\u00f3n.<\/p><\/li><li data-start=\"2662\" data-end=\"2812\"><p data-start=\"2664\" data-end=\"2812\">Enfoque transversal en Derecho Internacional de los Derechos Humanos y Derecho Internacional Humanitario, conforme a est\u00e1ndares internacionales.<\/p><\/li><\/ul>\t\t\t\t\t\t\t\t<\/div>\n\t\t\t\t\t<\/div>\n\t\t\t\t<\/div>\n\t\t<div class=\"elementor-element elementor-element-af8d9b4 e-flex e-con-boxed e-con e-parent\" data-id=\"af8d9b4\" data-element_type=\"container\" data-e-type=\"container\">\n\t\t\t\t\t<div class=\"e-con-inner\">\n\t\t\t\t<div class=\"elementor-element elementor-element-9916421 elementor-widget-mobile__width-initial elementor-invisible elementor-widget elementor-widget-text-editor\" data-id=\"9916421\" data-element_type=\"widget\" data-e-type=\"widget\" data-settings=\"{&quot;_animation&quot;:&quot;slideInLeft&quot;}\" data-widget_type=\"text-editor.default\">\n\t\t\t\t\t\t\t\t\t<p data-start=\"2007\" data-end=\"2305\">Nuestros profesionales act\u00faan con <strong data-start=\"2848\" data-end=\"2911\">rigurosidad t\u00e9cnica, sensibilidad humana y compromiso \u00e9tico<\/strong>, entendiendo que la defensa de los derechos humanos no es solo una pr\u00e1ctica jur\u00eddica, sino una <strong data-start=\"3007\" data-end=\"3050\">responsabilidad social y constitucional<\/strong>.<\/p>\t\t\t\t\t\t\t\t<\/div>\n\t\t\t\t\t<\/div>\n\t\t\t\t<\/div>\n\t\t<div class=\"elementor-element elementor-element-b4e326d e-flex e-con-boxed e-con e-parent\" data-id=\"b4e326d\" data-element_type=\"container\" data-e-type=\"container\">\n\t\t\t\t\t<div class=\"e-con-inner\">\n\t\t\t\t<div class=\"elementor-element elementor-element-99553a2 elementor-widget elementor-widget-spacer\" data-id=\"99553a2\" data-element_type=\"widget\" data-e-type=\"widget\" data-widget_type=\"spacer.default\">\n\t\t\t\t\t\t\t<div class=\"elementor-spacer\">\n\t\t\t<div class=\"elementor-spacer-inner\"><\/div>\n\t\t<\/div>\n\t\t\t\t\t\t<\/div>\n\t\t\t\t\t<\/div>\n\t\t\t\t<\/div>\n\t\t\t\t<\/div>","protected":false},"excerpt":{"rendered":"<p>DERECHOS HUMANOS Y LITIGIO ESTRAT\u00c9GICO Creemos que no hay causas perdidas ni batallas peque\u00f1as El \u00e1rea de Derechos Humanos de MORENO ALVAREZ ABOGADOS se encuentra orientada a la defensa, promoci\u00f3n y garant\u00eda efectiva de los derechos fundamentales, con especial \u00e9nfasis en contextos de conflictividad social, violencia estructural, exclusi\u00f3n, abuso de poder y afectaciones graves a &hellip; <\/p>\n<p class=\"link-more\"><a href=\"https:\/\/www.morenoalvarezabogados.com\/en\/derechos-humanos\/\" class=\"more-link\">Read more<span class=\"screen-reader-text\"> &#8220;Derechos Humanos y Litigio Estrat\u00e9gico&#8221;<\/span><\/a><\/p>","protected":false},"author":1,"featured_media":0,"parent":0,"menu_order":0,"comment_status":"closed","ping_status":"closed","template":"","meta":{"_acf_changed":false,"inspiro_hide_title":false,"footnotes":""},"class_list":["post-5414","page","type-page","status-publish","hentry"],"acf":[],"featured_media_urls":[],"_links":{"self":[{"href":"https:\/\/www.morenoalvarezabogados.com\/en\/wp-json\/wp\/v2\/pages\/5414","targetHints":{"allow":["GET"]}}],"collection":[{"href":"https:\/\/www.morenoalvarezabogados.com\/en\/wp-json\/wp\/v2\/pages"}],"about":[{"href":"https:\/\/www.morenoalvarezabogados.com\/en\/wp-json\/wp\/v2\/types\/page"}],"author":[{"embeddable":true,"href":"https:\/\/www.morenoalvarezabogados.com\/en\/wp-json\/wp\/v2\/users\/1"}],"replies":[{"embeddable":true,"href":"https:\/\/www.morenoalvarezabogados.com\/en\/wp-json\/wp\/v2\/comments?post=5414"}],"version-history":[{"count":8,"href":"https:\/\/www.morenoalvarezabogados.com\/en\/wp-json\/wp\/v2\/pages\/5414\/revisions"}],"predecessor-version":[{"id":5483,"href":"https:\/\/www.morenoalvarezabogados.com\/en\/wp-json\/wp\/v2\/pages\/5414\/revisions\/5483"}],"wp:attachment":[{"href":"https:\/\/www.morenoalvarezabogados.com\/en\/wp-json\/wp\/v2\/media?parent=5414"}],"curies":[{"name":"wp","href":"https:\/\/api.w.org\/{rel}","templated":true}]}}