{"id":5372,"date":"2026-01-20T23:16:41","date_gmt":"2026-01-20T22:16:41","guid":{"rendered":"https:\/\/www.morenoalvarezabogados.com\/?page_id=5372"},"modified":"2026-01-21T05:09:32","modified_gmt":"2026-01-21T04:09:32","slug":"derecho-constitucional","status":"publish","type":"page","link":"https:\/\/www.morenoalvarezabogados.com\/en\/derecho-constitucional\/","title":{"rendered":"Derecho Constitucional"},"content":{"rendered":"<div data-elementor-type=\"wp-page\" data-elementor-id=\"5372\" class=\"elementor elementor-5372\" data-elementor-post-type=\"page\">\n\t\t\t\t<div class=\"elementor-element elementor-element-7e2f7951 e-flex e-con-boxed e-con e-parent\" data-id=\"7e2f7951\" data-element_type=\"container\" data-e-type=\"container\">\n\t\t\t\t\t<div class=\"e-con-inner\">\n\t\t\t\t<div class=\"elementor-element elementor-element-0da79da elementor-widget elementor-widget-image\" data-id=\"0da79da\" data-element_type=\"widget\" data-e-type=\"widget\" data-widget_type=\"image.default\">\n\t\t\t\t\t\t\t\t\t\t\t\t\t\t\t<img fetchpriority=\"high\" decoding=\"async\" width=\"1395\" height=\"695\" src=\"https:\/\/www.morenoalvarezabogados.com\/wp-content\/uploads\/2026\/01\/17.png\" class=\"attachment-full size-full wp-image-5456\" alt=\"\" srcset=\"https:\/\/www.morenoalvarezabogados.com\/wp-content\/uploads\/2026\/01\/17.png 1395w, https:\/\/www.morenoalvarezabogados.com\/wp-content\/uploads\/2026\/01\/17-300x149.png 300w, https:\/\/www.morenoalvarezabogados.com\/wp-content\/uploads\/2026\/01\/17-1024x510.png 1024w, https:\/\/www.morenoalvarezabogados.com\/wp-content\/uploads\/2026\/01\/17-18x9.png 18w, https:\/\/www.morenoalvarezabogados.com\/wp-content\/uploads\/2026\/01\/17-600x299.png 600w, https:\/\/www.morenoalvarezabogados.com\/wp-content\/uploads\/2026\/01\/17-1200x598.png 1200w\" sizes=\"100vw\" \/>\t\t\t\t\t\t\t\t\t\t\t\t\t\t\t<\/div>\n\t\t\t\t<div class=\"elementor-element elementor-element-d265c2a elementor-widget elementor-widget-spacer\" data-id=\"d265c2a\" data-element_type=\"widget\" data-e-type=\"widget\" data-widget_type=\"spacer.default\">\n\t\t\t\t\t\t\t<div class=\"elementor-spacer\">\n\t\t\t<div class=\"elementor-spacer-inner\"><\/div>\n\t\t<\/div>\n\t\t\t\t\t\t<\/div>\n\t\t\t\t<div class=\"elementor-element elementor-element-f270769 elementor-invisible elementor-widget elementor-widget-heading\" data-id=\"f270769\" data-element_type=\"widget\" data-e-type=\"widget\" data-settings=\"{&quot;_animation&quot;:&quot;slideInDown&quot;}\" data-widget_type=\"heading.default\">\n\t\t\t\t\t<h1 class=\"elementor-heading-title elementor-size-default\">DERECHO CONSTITUCIONAL<\/h1>\t\t\t\t<\/div>\n\t\t<div class=\"elementor-element elementor-element-f6eae93 e-con-full e-flex e-con e-child\" data-id=\"f6eae93\" data-element_type=\"container\" data-e-type=\"container\">\n\t\t<div class=\"elementor-element elementor-element-646e395 e-con-full e-flex e-con e-child\" data-id=\"646e395\" data-element_type=\"container\" data-e-type=\"container\">\n\t\t\t\t<div class=\"elementor-element elementor-element-764ec63 elementor-widget-mobile__width-initial elementor-invisible elementor-widget elementor-widget-text-editor\" data-id=\"764ec63\" data-element_type=\"widget\" data-e-type=\"widget\" data-settings=\"{&quot;_animation&quot;:&quot;zoomIn&quot;}\" data-widget_type=\"text-editor.default\">\n\t\t\t\t\t\t\t\t\t<h2><span style=\"color: #063e98;\">We believe there are no lost causes and no small battles<\/span><\/h2>\t\t\t\t\t\t\t\t<\/div>\n\t\t\t\t<\/div>\n\t\t\t\t<\/div>\n\t\t\t\t\t<\/div>\n\t\t\t\t<\/div>\n\t\t<div class=\"elementor-element elementor-element-d6c23e5 e-flex e-con-boxed e-con e-parent\" data-id=\"d6c23e5\" data-element_type=\"container\" data-e-type=\"container\">\n\t\t\t\t\t<div class=\"e-con-inner\">\n\t\t\t\t<div class=\"elementor-element elementor-element-3751e9f elementor-widget-mobile__width-initial elementor-invisible elementor-widget elementor-widget-text-editor\" data-id=\"3751e9f\" data-element_type=\"widget\" data-e-type=\"widget\" data-settings=\"{&quot;_animation&quot;:&quot;slideInLeft&quot;}\" data-widget_type=\"text-editor.default\">\n\t\t\t\t\t\t\t\t\t<p data-start=\"380\" data-end=\"723\">El \u00e1rea de Derecho Constitucional de <strong>MORENO ALVAREZ ABOGADOS<\/strong> se encuentra conformada por profesionales con s\u00f3lida formaci\u00f3n y experiencia en la protecci\u00f3n, defensa y restablecimiento de los derechos fundamentales, as\u00ed como en el control jur\u00eddico de las actuaciones de autoridades p\u00fablicas y particulares que ejercen funciones p\u00fablicas.<\/p><p data-start=\"725\" data-end=\"1062\">Nuestra pr\u00e1ctica se orienta a la intervenci\u00f3n constitucional estrat\u00e9gica, actuando tanto en escenarios preventivos como en la representaci\u00f3n judicial y extrajudicial, en primera y segunda instancia, cuando se presentan vulneraciones al orden constitucional, al debido proceso y a los principios que rigen el Estado Social de Derecho.<\/p><p data-start=\"1064\" data-end=\"1327\">La Firma cuenta con experiencia en el uso del derecho constitucional como herramienta de defensa efectiva, especialmente en contextos de afectaci\u00f3n de derechos fundamentales, abuso de poder, actuaciones administrativas irregulares y omisiones institucionales.<\/p>\t\t\t\t\t\t\t\t<\/div>\n\t\t\t\t\t<\/div>\n\t\t\t\t<\/div>\n\t\t<div class=\"elementor-element elementor-element-75e1ced e-flex e-con-boxed e-con e-parent\" data-id=\"75e1ced\" data-element_type=\"container\" data-e-type=\"container\">\n\t\t\t\t\t<div class=\"e-con-inner\">\n\t\t\t\t<div class=\"elementor-element elementor-element-a08de37 elementor-widget-mobile__width-initial elementor-invisible elementor-widget elementor-widget-text-editor\" data-id=\"a08de37\" data-element_type=\"widget\" data-e-type=\"widget\" data-settings=\"{&quot;_animation&quot;:&quot;slideInLeft&quot;}\" data-widget_type=\"text-editor.default\">\n\t\t\t\t\t\t\t\t\t<p><strong>Servicios Principales:<\/strong><\/p><ul><li data-start=\"1360\" data-end=\"1412\"><p data-start=\"1362\" data-end=\"1412\">Interposici\u00f3n y tr\u00e1mite de acciones de tutela.<\/p><\/li><li data-start=\"1413\" data-end=\"1489\"><p data-start=\"1415\" data-end=\"1489\">Elaboraci\u00f3n y seguimiento de derechos de petici\u00f3n de alta complejidad.<\/p><\/li><li data-start=\"1490\" data-end=\"1553\"><p data-start=\"1492\" data-end=\"1553\">Representaci\u00f3n en acciones populares y acciones de grupo.<\/p><\/li><li data-start=\"1554\" data-end=\"1617\"><p data-start=\"1556\" data-end=\"1617\">Interposici\u00f3n y seguimiento de acciones de habeas corpus.<\/p><\/li><li data-start=\"1618\" data-end=\"1687\"><p data-start=\"1620\" data-end=\"1687\">Defensa constitucional del debido proceso y derecho de defensa.<\/p><\/li><li data-start=\"1688\" data-end=\"1767\"><p data-start=\"1690\" data-end=\"1767\">Control constitucional de actos administrativos y actuaciones de autoridades.<\/p><\/li><li data-start=\"1768\" data-end=\"1854\"><p data-start=\"1770\" data-end=\"1854\">Acompa\u00f1amiento constitucional en procesos penales, administrativos y disciplinarios.<\/p><\/li><li data-start=\"1855\" data-end=\"1924\"><p data-start=\"1857\" data-end=\"1924\">Protecci\u00f3n del derecho al buen nombre, honra y dignidad humana.<\/p><\/li><li data-start=\"1925\" data-end=\"2005\"><p data-start=\"1927\" data-end=\"2005\">Asesor\u00eda constitucional a personas naturales, servidores p\u00fablicos y entidades.<\/p><\/li><\/ul>\t\t\t\t\t\t\t\t<\/div>\n\t\t\t\t\t<\/div>\n\t\t\t\t<\/div>\n\t\t<div class=\"elementor-element elementor-element-af8d9b4 e-flex e-con-boxed e-con e-parent\" data-id=\"af8d9b4\" data-element_type=\"container\" data-e-type=\"container\">\n\t\t\t\t\t<div class=\"e-con-inner\">\n\t\t\t\t<div class=\"elementor-element elementor-element-9916421 elementor-widget-mobile__width-initial elementor-invisible elementor-widget elementor-widget-text-editor\" data-id=\"9916421\" data-element_type=\"widget\" data-e-type=\"widget\" data-settings=\"{&quot;_animation&quot;:&quot;slideInLeft&quot;}\" data-widget_type=\"text-editor.default\">\n\t\t\t\t\t\t\t\t\t<p data-start=\"2007\" data-end=\"2305\">Nuestros profesionales desarrollan esta \u00e1rea con <strong data-start=\"2056\" data-end=\"2120\">rigurosidad t\u00e9cnica, enfoque garantista y visi\u00f3n estrat\u00e9gica<\/strong>, entendiendo el Derecho Constitucional no solo como un mecanismo procesal, sino como una <strong data-start=\"2210\" data-end=\"2304\">herramienta central para la protecci\u00f3n efectiva de los derechos y libertades fundamentales<\/strong>.<\/p>\t\t\t\t\t\t\t\t<\/div>\n\t\t\t\t\t<\/div>\n\t\t\t\t<\/div>\n\t\t<div class=\"elementor-element elementor-element-b4e326d e-flex e-con-boxed e-con e-parent\" data-id=\"b4e326d\" data-element_type=\"container\" data-e-type=\"container\">\n\t\t\t\t\t<div class=\"e-con-inner\">\n\t\t\t\t<div class=\"elementor-element elementor-element-99553a2 elementor-widget elementor-widget-spacer\" data-id=\"99553a2\" data-element_type=\"widget\" data-e-type=\"widget\" data-widget_type=\"spacer.default\">\n\t\t\t\t\t\t\t<div class=\"elementor-spacer\">\n\t\t\t<div class=\"elementor-spacer-inner\"><\/div>\n\t\t<\/div>\n\t\t\t\t\t\t<\/div>\n\t\t\t\t\t<\/div>\n\t\t\t\t<\/div>\n\t\t\t\t<\/div>","protected":false},"excerpt":{"rendered":"<p>DERECHO CONSTITUCIONAL Creemos que no hay causas perdidas ni batallas peque\u00f1as El \u00e1rea de Derecho Constitucional de MORENO ALVAREZ ABOGADOS se encuentra conformada por profesionales con s\u00f3lida formaci\u00f3n y experiencia en la protecci\u00f3n, defensa y restablecimiento de los derechos fundamentales, as\u00ed como en el control jur\u00eddico de las actuaciones de autoridades p\u00fablicas y particulares que &hellip; <\/p>\n<p class=\"link-more\"><a href=\"https:\/\/www.morenoalvarezabogados.com\/en\/derecho-constitucional\/\" class=\"more-link\">Read more<span class=\"screen-reader-text\"> &#8220;Derecho Constitucional&#8221;<\/span><\/a><\/p>","protected":false},"author":1,"featured_media":0,"parent":0,"menu_order":0,"comment_status":"closed","ping_status":"closed","template":"","meta":{"_acf_changed":false,"inspiro_hide_title":false,"footnotes":""},"class_list":["post-5372","page","type-page","status-publish","hentry"],"acf":[],"featured_media_urls":[],"_links":{"self":[{"href":"https:\/\/www.morenoalvarezabogados.com\/en\/wp-json\/wp\/v2\/pages\/5372","targetHints":{"allow":["GET"]}}],"collection":[{"href":"https:\/\/www.morenoalvarezabogados.com\/en\/wp-json\/wp\/v2\/pages"}],"about":[{"href":"https:\/\/www.morenoalvarezabogados.com\/en\/wp-json\/wp\/v2\/types\/page"}],"author":[{"embeddable":true,"href":"https:\/\/www.morenoalvarezabogados.com\/en\/wp-json\/wp\/v2\/users\/1"}],"replies":[{"embeddable":true,"href":"https:\/\/www.morenoalvarezabogados.com\/en\/wp-json\/wp\/v2\/comments?post=5372"}],"version-history":[{"count":16,"href":"https:\/\/www.morenoalvarezabogados.com\/en\/wp-json\/wp\/v2\/pages\/5372\/revisions"}],"predecessor-version":[{"id":5459,"href":"https:\/\/www.morenoalvarezabogados.com\/en\/wp-json\/wp\/v2\/pages\/5372\/revisions\/5459"}],"wp:attachment":[{"href":"https:\/\/www.morenoalvarezabogados.com\/en\/wp-json\/wp\/v2\/media?parent=5372"}],"curies":[{"name":"wp","href":"https:\/\/api.w.org\/{rel}","templated":true}]}}