{"id":4255,"date":"2026-01-04T04:13:06","date_gmt":"2026-01-04T03:13:06","guid":{"rendered":"https:\/\/www.morenoalvarezabogados.com\/?page_id=4255"},"modified":"2026-01-04T08:59:02","modified_gmt":"2026-01-04T07:59:02","slug":"leidy-johana-camargo-serrano","status":"publish","type":"page","link":"https:\/\/www.morenoalvarezabogados.com\/en\/leidy-johana-camargo-serrano\/","title":{"rendered":"Leidy Johana Camargo Serrano"},"content":{"rendered":"<div data-elementor-type=\"wp-page\" data-elementor-id=\"4255\" class=\"elementor elementor-4255\" data-elementor-post-type=\"page\">\n\t\t\t\t<div class=\"elementor-element elementor-element-7e2f7951 e-flex e-con-boxed e-con e-parent\" data-id=\"7e2f7951\" data-element_type=\"container\" data-e-type=\"container\">\n\t\t\t\t\t<div class=\"e-con-inner\">\n\t\t\t\t<div class=\"elementor-element elementor-element-4f5e449 elementor-widget elementor-widget-spacer\" data-id=\"4f5e449\" data-element_type=\"widget\" data-e-type=\"widget\" data-widget_type=\"spacer.default\">\n\t\t\t\t\t\t\t<div class=\"elementor-spacer\">\n\t\t\t<div class=\"elementor-spacer-inner\"><\/div>\n\t\t<\/div>\n\t\t\t\t\t\t<\/div>\n\t\t\t\t\t<\/div>\n\t\t\t\t<\/div>\n\t\t<div class=\"elementor-element elementor-element-24f3d53 e-grid e-con-full e-con e-parent\" data-id=\"24f3d53\" data-element_type=\"container\" data-e-type=\"container\" data-settings=\"{&quot;background_background&quot;:&quot;classic&quot;}\">\n\t\t<div class=\"elementor-element elementor-element-fcf677f e-flex e-con-boxed e-con e-child\" data-id=\"fcf677f\" data-element_type=\"container\" data-e-type=\"container\">\n\t\t\t\t\t<div class=\"e-con-inner\">\n\t\t\t\t<div class=\"elementor-element elementor-element-6e9cd16 elementor-widget elementor-widget-image\" data-id=\"6e9cd16\" data-element_type=\"widget\" data-e-type=\"widget\" data-widget_type=\"image.default\">\n\t\t\t\t\t\t\t\t\t\t\t\t\t\t\t<img fetchpriority=\"high\" decoding=\"async\" width=\"252\" height=\"300\" src=\"https:\/\/www.morenoalvarezabogados.com\/wp-content\/uploads\/2025\/08\/2-2-252x300.jpg\" class=\"attachment-medium size-medium wp-image-692\" alt=\"\" srcset=\"https:\/\/www.morenoalvarezabogados.com\/wp-content\/uploads\/2025\/08\/2-2-252x300.jpg 252w, https:\/\/www.morenoalvarezabogados.com\/wp-content\/uploads\/2025\/08\/2-2-861x1024.jpg 861w, https:\/\/www.morenoalvarezabogados.com\/wp-content\/uploads\/2025\/08\/2-2-600x714.jpg 600w, https:\/\/www.morenoalvarezabogados.com\/wp-content\/uploads\/2025\/08\/2-2-10x12.jpg 10w, https:\/\/www.morenoalvarezabogados.com\/wp-content\/uploads\/2025\/08\/2-2.jpg 1080w\" sizes=\"100vw\" \/>\t\t\t\t\t\t\t\t\t\t\t\t\t\t\t<\/div>\n\t\t\t\t<div class=\"elementor-element elementor-element-71837c8 elementor-widget elementor-widget-text-editor\" data-id=\"71837c8\" data-element_type=\"widget\" data-e-type=\"widget\" data-widget_type=\"text-editor.default\">\n\t\t\t\t\t\t\t\t\t<p style=\"text-align: center;\"><strong>Ingresar. Leidy Johana Camargo Serrano<\/strong><\/p><p style=\"text-align: center;\">Deputy General Director<\/p>\t\t\t\t\t\t\t\t<\/div>\n\t\t\t\t<div class=\"elementor-element elementor-element-df4af2b elementor-widget elementor-widget-text-editor\" data-id=\"df4af2b\" data-element_type=\"widget\" data-e-type=\"widget\" data-widget_type=\"text-editor.default\">\n\t\t\t\t\t\t\t\t\t<p data-start=\"619\" data-end=\"1065\">Market Engineer with a solid background in the design, execution, and management of marketing and communication strategies aimed at institutional positioning, brand development, and the strengthening of public and private projects. Her academic training and professional experience have allowed her to establish herself as a well-rounded strategist with analytical vision, creative thinking, and a strong ethical sense in decision-making.<\/p><p data-start=\"1067\" data-end=\"1558\">Throughout her career, she has led and supported strategic marketing processes within public entities, political campaigns, and corporate organizations, contributing innovative solutions for diagnosing, structuring, and transforming market needs for products and services. Her experience includes the development of communication strategies, advertising, and institutional image management, as well as the coordination of work teams and interdisciplinary projects.<\/p><p data-start=\"1560\" data-end=\"2050\">She has provided professional services to municipal-level entities, contributing to the strengthening of programs, policies, and projects aimed at the rural sector and economic development, demonstrating a strong commitment to social impact and sustainable territorial growth. Additionally, she has notable experience in the political and corporate fields, advising on marketing and positioning strategies for electoral campaigns and public representative bodies.<\/p><p data-start=\"2052\" data-end=\"2347\">Her experience at <strong>MORENO ALVAREZ ABOGADOS<\/strong> As Strategic Marketing Coordinator, she strengthened her profile in corporate communications management, legal branding, and strategic management of professional services, aligning the firm\u2019s value proposition with its institutional objectives.<\/p><p data-start=\"2349\" data-end=\"2848\">She is distinguished by her professional responsibility, adaptability, collaborative leadership, and strong ethical training, which guide her professional practice toward building trust, credibility, and sustainable results. Her approach combines the technical rigor of market analysis with a human and strategic perspective, making her a professional well prepared to take on highly demanding challenges and to contribute effectively to the growth and positioning of organizations.<\/p>\t\t\t\t\t\t\t\t<\/div>\n\t\t\t\t\t<\/div>\n\t\t\t\t<\/div>\n\t\t\t\t<\/div>\n\t\t\t\t<\/div>","protected":false},"excerpt":{"rendered":"<p>Ingresar. Leidy Johana Camargo Serrano Subdirectora General Ingeniera de Mercados con s\u00f3lida trayectoria en el dise\u00f1o, ejecuci\u00f3n y direccionamiento de estrategias de marketing y comunicaci\u00f3n, orientadas al posicionamiento institucional, desarrollo de marca y fortalecimiento de proyectos p\u00fablicos y privados. Su formaci\u00f3n acad\u00e9mica y experiencia profesional le han permitido consolidarse como una estratega integral, con visi\u00f3n &hellip; <\/p>\n<p class=\"link-more\"><a href=\"https:\/\/www.morenoalvarezabogados.com\/en\/leidy-johana-camargo-serrano\/\" class=\"more-link\">Read more<span class=\"screen-reader-text\"> &#8220;Leidy Johana Camargo Serrano&#8221;<\/span><\/a><\/p>","protected":false},"author":1,"featured_media":692,"parent":0,"menu_order":0,"comment_status":"closed","ping_status":"closed","template":"","meta":{"_acf_changed":false,"inspiro_hide_title":false,"footnotes":""},"class_list":["post-4255","page","type-page","status-publish","has-post-thumbnail","hentry"],"acf":[],"featured_media_urls":{"thumbnail":["https:\/\/www.morenoalvarezabogados.com\/wp-content\/uploads\/2025\/08\/2-2-150x150.jpg",150,150,true],"medium":["https:\/\/www.morenoalvarezabogados.com\/wp-content\/uploads\/2025\/08\/2-2-252x300.jpg",252,300,true],"medium_large":["https:\/\/www.morenoalvarezabogados.com\/wp-content\/uploads\/2025\/08\/2-2.jpg",768,914,false],"large":["https:\/\/www.morenoalvarezabogados.com\/wp-content\/uploads\/2025\/08\/2-2-861x1024.jpg",861,1024,true],"1536x1536":["https:\/\/www.morenoalvarezabogados.com\/wp-content\/uploads\/2025\/08\/2-2.jpg",1080,1285,false],"2048x2048":["https:\/\/www.morenoalvarezabogados.com\/wp-content\/uploads\/2025\/08\/2-2.jpg",1080,1285,false],"trp-custom-language-flag":["https:\/\/www.morenoalvarezabogados.com\/wp-content\/uploads\/2025\/08\/2-2-10x12.jpg",10,12,true],"inspiro-featured-image":["https:\/\/www.morenoalvarezabogados.com\/wp-content\/uploads\/2025\/08\/2-2.jpg",1080,1285,false],"inspiro-loop":["https:\/\/www.morenoalvarezabogados.com\/wp-content\/uploads\/2025\/08\/2-2-950x320.jpg",950,320,true],"inspiro-loop@2x":["https:\/\/www.morenoalvarezabogados.com\/wp-content\/uploads\/2025\/08\/2-2-1080x640.jpg",1080,640,true],"portfolio_item-thumbnail":["https:\/\/www.morenoalvarezabogados.com\/wp-content\/uploads\/2025\/08\/2-2-600x400.jpg",600,400,true],"portfolio_item-thumbnail@2x":["https:\/\/www.morenoalvarezabogados.com\/wp-content\/uploads\/2025\/08\/2-2-1080x800.jpg",1080,800,true],"portfolio_item-masonry":["https:\/\/www.morenoalvarezabogados.com\/wp-content\/uploads\/2025\/08\/2-2-600x714.jpg",600,714,true],"portfolio_item-masonry@2x":["https:\/\/www.morenoalvarezabogados.com\/wp-content\/uploads\/2025\/08\/2-2.jpg",1080,1285,false],"portfolio_item-thumbnail_cinema":["https:\/\/www.morenoalvarezabogados.com\/wp-content\/uploads\/2025\/08\/2-2-800x335.jpg",800,335,true],"portfolio_item-thumbnail_portrait":["https:\/\/www.morenoalvarezabogados.com\/wp-content\/uploads\/2025\/08\/2-2-600x900.jpg",600,900,true],"portfolio_item-thumbnail_portrait@2x":["https:\/\/www.morenoalvarezabogados.com\/wp-content\/uploads\/2025\/08\/2-2.jpg",1080,1285,false],"portfolio_item-thumbnail_square":["https:\/\/www.morenoalvarezabogados.com\/wp-content\/uploads\/2025\/08\/2-2-800x800.jpg",800,800,true]},"_links":{"self":[{"href":"https:\/\/www.morenoalvarezabogados.com\/en\/wp-json\/wp\/v2\/pages\/4255","targetHints":{"allow":["GET"]}}],"collection":[{"href":"https:\/\/www.morenoalvarezabogados.com\/en\/wp-json\/wp\/v2\/pages"}],"about":[{"href":"https:\/\/www.morenoalvarezabogados.com\/en\/wp-json\/wp\/v2\/types\/page"}],"author":[{"embeddable":true,"href":"https:\/\/www.morenoalvarezabogados.com\/en\/wp-json\/wp\/v2\/users\/1"}],"replies":[{"embeddable":true,"href":"https:\/\/www.morenoalvarezabogados.com\/en\/wp-json\/wp\/v2\/comments?post=4255"}],"version-history":[{"count":4,"href":"https:\/\/www.morenoalvarezabogados.com\/en\/wp-json\/wp\/v2\/pages\/4255\/revisions"}],"predecessor-version":[{"id":4259,"href":"https:\/\/www.morenoalvarezabogados.com\/en\/wp-json\/wp\/v2\/pages\/4255\/revisions\/4259"}],"wp:featuredmedia":[{"embeddable":true,"href":"https:\/\/www.morenoalvarezabogados.com\/en\/wp-json\/wp\/v2\/media\/692"}],"wp:attachment":[{"href":"https:\/\/www.morenoalvarezabogados.com\/en\/wp-json\/wp\/v2\/media?parent=4255"}],"curies":[{"name":"wp","href":"https:\/\/api.w.org\/{rel}","templated":true}]}}