{"id":371,"date":"2025-08-08T02:51:01","date_gmt":"2025-08-08T00:51:01","guid":{"rendered":"https:\/\/www.morenoalvarezabogados.com\/?page_id=371"},"modified":"2026-01-21T05:18:37","modified_gmt":"2026-01-21T04:18:37","slug":"campanas-politicas","status":"publish","type":"page","link":"https:\/\/www.morenoalvarezabogados.com\/en\/campanas-politicas\/","title":{"rendered":"Dise\u00f1o y Direcci\u00f3n de Campa\u00f1as Pol\u00edticas"},"content":{"rendered":"<div data-elementor-type=\"wp-page\" data-elementor-id=\"371\" class=\"elementor elementor-371\" data-elementor-post-type=\"page\">\n\t\t\t\t<div class=\"elementor-element elementor-element-7e2f7951 e-flex e-con-boxed e-con e-parent\" data-id=\"7e2f7951\" data-element_type=\"container\" data-e-type=\"container\">\n\t\t\t\t\t<div class=\"e-con-inner\">\n\t\t\t\t<div class=\"elementor-element elementor-element-0da79da elementor-widget elementor-widget-image\" data-id=\"0da79da\" data-element_type=\"widget\" data-e-type=\"widget\" data-widget_type=\"image.default\">\n\t\t\t\t\t\t\t\t\t\t\t\t\t\t\t<img fetchpriority=\"high\" decoding=\"async\" width=\"1917\" height=\"740\" src=\"https:\/\/www.morenoalvarezabogados.com\/wp-content\/uploads\/2025\/09\/Diseno-sin-titulo-4.jpg\" class=\"attachment-full size-full wp-image-998\" alt=\"\" srcset=\"https:\/\/www.morenoalvarezabogados.com\/wp-content\/uploads\/2025\/09\/Diseno-sin-titulo-4.jpg 1917w, https:\/\/www.morenoalvarezabogados.com\/wp-content\/uploads\/2025\/09\/Diseno-sin-titulo-4-300x116.jpg 300w, https:\/\/www.morenoalvarezabogados.com\/wp-content\/uploads\/2025\/09\/Diseno-sin-titulo-4-1024x395.jpg 1024w, https:\/\/www.morenoalvarezabogados.com\/wp-content\/uploads\/2025\/09\/Diseno-sin-titulo-4-1536x593.jpg 1536w, https:\/\/www.morenoalvarezabogados.com\/wp-content\/uploads\/2025\/09\/Diseno-sin-titulo-4-600x232.jpg 600w, https:\/\/www.morenoalvarezabogados.com\/wp-content\/uploads\/2025\/09\/Diseno-sin-titulo-4-1200x463.jpg 1200w, https:\/\/www.morenoalvarezabogados.com\/wp-content\/uploads\/2025\/09\/Diseno-sin-titulo-4-18x7.jpg 18w\" sizes=\"100vw\" \/>\t\t\t\t\t\t\t\t\t\t\t\t\t\t\t<\/div>\n\t\t\t\t<div class=\"elementor-element elementor-element-d265c2a elementor-widget elementor-widget-spacer\" data-id=\"d265c2a\" data-element_type=\"widget\" data-e-type=\"widget\" data-widget_type=\"spacer.default\">\n\t\t\t\t\t\t\t<div class=\"elementor-spacer\">\n\t\t\t<div class=\"elementor-spacer-inner\"><\/div>\n\t\t<\/div>\n\t\t\t\t\t\t<\/div>\n\t\t\t\t<div class=\"elementor-element elementor-element-f270769 elementor-invisible elementor-widget elementor-widget-heading\" data-id=\"f270769\" data-element_type=\"widget\" data-e-type=\"widget\" data-settings=\"{&quot;_animation&quot;:&quot;slideInDown&quot;}\" data-widget_type=\"heading.default\">\n\t\t\t\t\t<h1 class=\"elementor-heading-title elementor-size-default\">DISE\u00d1O Y DIRECCI\u00d3N DE CAMPA\u00d1AS POLITICAS<\/h1>\t\t\t\t<\/div>\n\t\t<div class=\"elementor-element elementor-element-f6eae93 e-con-full e-flex e-con e-child\" data-id=\"f6eae93\" data-element_type=\"container\" data-e-type=\"container\">\n\t\t<div class=\"elementor-element elementor-element-646e395 e-con-full e-flex e-con e-child\" data-id=\"646e395\" data-element_type=\"container\" data-e-type=\"container\">\n\t\t\t\t<div class=\"elementor-element elementor-element-764ec63 elementor-widget-mobile__width-initial elementor-invisible elementor-widget elementor-widget-text-editor\" data-id=\"764ec63\" data-element_type=\"widget\" data-e-type=\"widget\" data-settings=\"{&quot;_animation&quot;:&quot;zoomIn&quot;}\" data-widget_type=\"text-editor.default\">\n\t\t\t\t\t\t\t\t\t<h2><span style=\"color: #999999;\"><b><span style=\"color: #063e98;\">We believe there are no lost causes and no small battles<\/span><\/b><\/span><\/h2>\t\t\t\t\t\t\t\t<\/div>\n\t\t\t\t<\/div>\n\t\t\t\t<\/div>\n\t\t\t\t\t<\/div>\n\t\t\t\t<\/div>\n\t\t<div class=\"elementor-element elementor-element-cbe376c e-flex e-con-boxed e-con e-parent\" data-id=\"cbe376c\" data-element_type=\"container\" data-e-type=\"container\">\n\t\t\t\t\t<div class=\"e-con-inner\">\n\t\t\t\t<div class=\"elementor-element elementor-element-3751e9f elementor-widget-mobile__width-initial elementor-invisible elementor-widget elementor-widget-text-editor\" data-id=\"3751e9f\" data-element_type=\"widget\" data-e-type=\"widget\" data-settings=\"{&quot;_animation&quot;:&quot;slideInLeft&quot;}\" data-widget_type=\"text-editor.default\">\n\t\t\t\t\t\t\t\t\t<p class=\"wb-stl-custom5\">We design effective political campaigns with a cutting-edge strategic and creative approach and strong leadership, tailored to the candidate\u2019s needs and to the general or specific target population, consistently connecting with the audience so that proposals align with the community\u2019s needs and the political aspirant\u2019s capacities, always delivering a message that reaches the audience\u2019s heart to build a solid path toward electoral success.<\/p><p class=\"wb-stl-custom5\">Likewise, supported by extensive knowledge and experience, we lead political campaigns through the precise and tactical execution of logistical and impactful communication strategies, with an approach focused on the candidate\u2019s objectives and financial resources.<\/p>\t\t\t\t\t\t\t\t<\/div>\n\t\t\t\t<div class=\"elementor-element elementor-element-b5c38bc elementor-widget-mobile__width-initial elementor-invisible elementor-widget elementor-widget-text-editor\" data-id=\"b5c38bc\" data-element_type=\"widget\" data-e-type=\"widget\" data-settings=\"{&quot;_animation&quot;:&quot;slideInLeft&quot;}\" data-widget_type=\"text-editor.default\">\n\t\t\t\t\t\t\t\t\t<p><strong>Our services include:<\/strong><\/p><ul><li><span class=\"elementor-icon-list-text\">Advisory Services and Image Management<\/span><\/li><li style=\"text-align: left;\"><span class=\"elementor-icon-list-text\">Drafting or review of speeches or proposals.<br \/><\/span><\/li><li style=\"text-align: left;\"><span class=\"elementor-icon-list-text\">Copywriting, design, and printing of advertising materials<br \/><\/span><\/li><li style=\"text-align: left;\"><span class=\"elementor-icon-list-text\">Temporary or ongoing support for activities<\/span><\/li><li style=\"text-align: left;\"><span class=\"elementor-icon-list-text\">Support and challenge of vote counting proceedings<\/span><\/li><li><span class=\"elementor-icon-list-text\">Hiring of campaign personnel<br \/><\/span><\/li><li style=\"text-align: left;\"><span class=\"elementor-icon-list-text\">Judicial representation in electoral nullity proceedings<\/span><\/li><\/ul>\t\t\t\t\t\t\t\t<\/div>\n\t\t\t\t\t<\/div>\n\t\t\t\t<\/div>\n\t\t<div class=\"elementor-element elementor-element-4f715cb e-flex e-con-boxed elementor-invisible e-con e-parent\" data-id=\"4f715cb\" data-element_type=\"container\" data-e-type=\"container\" data-settings=\"{&quot;animation&quot;:&quot;slideInLeft&quot;}\">\n\t\t\t\t\t<div class=\"e-con-inner\">\n\t\t<div class=\"elementor-element elementor-element-87bd0d8 e-con-full e-flex e-con e-child\" data-id=\"87bd0d8\" data-element_type=\"container\" data-e-type=\"container\">\n\t\t\t\t<\/div>\n\t\t\t\t\t<\/div>\n\t\t\t\t<\/div>\n\t\t<div class=\"elementor-element elementor-element-60c5486 e-flex e-con-boxed e-con e-parent\" data-id=\"60c5486\" data-element_type=\"container\" data-e-type=\"container\">\n\t\t\t\t\t<div class=\"e-con-inner\">\n\t\t\t\t<div class=\"elementor-element elementor-element-3512516 elementor-widget elementor-widget-spacer\" data-id=\"3512516\" data-element_type=\"widget\" data-e-type=\"widget\" data-widget_type=\"spacer.default\">\n\t\t\t\t\t\t\t<div class=\"elementor-spacer\">\n\t\t\t<div class=\"elementor-spacer-inner\"><\/div>\n\t\t<\/div>\n\t\t\t\t\t\t<\/div>\n\t\t\t\t\t<\/div>\n\t\t\t\t<\/div>\n\t\t\t\t<\/div>","protected":false},"excerpt":{"rendered":"<p>DISE\u00d1O Y DIRECCI\u00d3N DE CAMPA\u00d1AS POLITICAS Creemos que no hay causas perdidas ni batallas peque\u00f1as Dise\u00f1amos campa\u00f1as pol\u00edticas efectivas con un enfoque estrat\u00e9gico y creativo\u00a0de vanguardia y liderazgo de acuerdo con\u00a0las necesidades del candidato y al grupo poblacional general o especifico al que se dirige, conectando siempre con la audiencia para que las propuestas sean &hellip; <\/p>\n<p class=\"link-more\"><a href=\"https:\/\/www.morenoalvarezabogados.com\/en\/campanas-politicas\/\" class=\"more-link\">Read more<span class=\"screen-reader-text\"> &#8220;Dise\u00f1o y Direcci\u00f3n de Campa\u00f1as Pol\u00edticas&#8221;<\/span><\/a><\/p>","protected":false},"author":1,"featured_media":0,"parent":0,"menu_order":0,"comment_status":"closed","ping_status":"closed","template":"","meta":{"_acf_changed":false,"inspiro_hide_title":false,"footnotes":""},"class_list":["post-371","page","type-page","status-publish","hentry"],"acf":[],"featured_media_urls":[],"_links":{"self":[{"href":"https:\/\/www.morenoalvarezabogados.com\/en\/wp-json\/wp\/v2\/pages\/371","targetHints":{"allow":["GET"]}}],"collection":[{"href":"https:\/\/www.morenoalvarezabogados.com\/en\/wp-json\/wp\/v2\/pages"}],"about":[{"href":"https:\/\/www.morenoalvarezabogados.com\/en\/wp-json\/wp\/v2\/types\/page"}],"author":[{"embeddable":true,"href":"https:\/\/www.morenoalvarezabogados.com\/en\/wp-json\/wp\/v2\/users\/1"}],"replies":[{"embeddable":true,"href":"https:\/\/www.morenoalvarezabogados.com\/en\/wp-json\/wp\/v2\/comments?post=371"}],"version-history":[{"count":69,"href":"https:\/\/www.morenoalvarezabogados.com\/en\/wp-json\/wp\/v2\/pages\/371\/revisions"}],"predecessor-version":[{"id":5473,"href":"https:\/\/www.morenoalvarezabogados.com\/en\/wp-json\/wp\/v2\/pages\/371\/revisions\/5473"}],"wp:attachment":[{"href":"https:\/\/www.morenoalvarezabogados.com\/en\/wp-json\/wp\/v2\/media?parent=371"}],"curies":[{"name":"wp","href":"https:\/\/api.w.org\/{rel}","templated":true}]}}