{"id":326,"date":"2025-08-08T02:16:47","date_gmt":"2025-08-08T00:16:47","guid":{"rendered":"https:\/\/www.morenoalvarezabogados.com\/?page_id=326"},"modified":"2026-01-21T04:37:56","modified_gmt":"2026-01-21T03:37:56","slug":"derecho-penal","status":"publish","type":"page","link":"https:\/\/www.morenoalvarezabogados.com\/en\/derecho-penal\/","title":{"rendered":"Criminal Law"},"content":{"rendered":"<div data-elementor-type=\"wp-page\" data-elementor-id=\"326\" class=\"elementor elementor-326\" data-elementor-post-type=\"page\">\n\t\t\t\t<div class=\"elementor-element elementor-element-7e2f7951 e-flex e-con-boxed e-con e-parent\" data-id=\"7e2f7951\" data-element_type=\"container\" data-e-type=\"container\">\n\t\t\t\t\t<div class=\"e-con-inner\">\n\t\t\t\t<div class=\"elementor-element elementor-element-0da79da elementor-widget elementor-widget-image\" data-id=\"0da79da\" data-element_type=\"widget\" data-e-type=\"widget\" data-widget_type=\"image.default\">\n\t\t\t\t\t\t\t\t\t\t\t\t\t\t\t<img fetchpriority=\"high\" decoding=\"async\" width=\"1920\" height=\"1080\" src=\"https:\/\/www.morenoalvarezabogados.com\/wp-content\/uploads\/2025\/09\/Diseno-sin-titulo.jpg\" class=\"attachment-full size-full wp-image-787\" alt=\"\" srcset=\"https:\/\/www.morenoalvarezabogados.com\/wp-content\/uploads\/2025\/09\/Diseno-sin-titulo.jpg 1920w, https:\/\/www.morenoalvarezabogados.com\/wp-content\/uploads\/2025\/09\/Diseno-sin-titulo-300x169.jpg 300w, https:\/\/www.morenoalvarezabogados.com\/wp-content\/uploads\/2025\/09\/Diseno-sin-titulo-1024x576.jpg 1024w, https:\/\/www.morenoalvarezabogados.com\/wp-content\/uploads\/2025\/09\/Diseno-sin-titulo-1536x864.jpg 1536w, https:\/\/www.morenoalvarezabogados.com\/wp-content\/uploads\/2025\/09\/Diseno-sin-titulo-600x338.jpg 600w, https:\/\/www.morenoalvarezabogados.com\/wp-content\/uploads\/2025\/09\/Diseno-sin-titulo-1200x675.jpg 1200w, https:\/\/www.morenoalvarezabogados.com\/wp-content\/uploads\/2025\/09\/Diseno-sin-titulo-18x10.jpg 18w\" sizes=\"100vw\" \/>\t\t\t\t\t\t\t\t\t\t\t\t\t\t\t<\/div>\n\t\t\t\t<div class=\"elementor-element elementor-element-d265c2a elementor-widget elementor-widget-spacer\" data-id=\"d265c2a\" data-element_type=\"widget\" data-e-type=\"widget\" data-widget_type=\"spacer.default\">\n\t\t\t\t\t\t\t<div class=\"elementor-spacer\">\n\t\t\t<div class=\"elementor-spacer-inner\"><\/div>\n\t\t<\/div>\n\t\t\t\t\t\t<\/div>\n\t\t\t\t<div class=\"elementor-element elementor-element-f270769 elementor-invisible elementor-widget elementor-widget-heading\" data-id=\"f270769\" data-element_type=\"widget\" data-e-type=\"widget\" data-settings=\"{&quot;_animation&quot;:&quot;slideInDown&quot;}\" data-widget_type=\"heading.default\">\n\t\t\t\t\t<h1 class=\"elementor-heading-title elementor-size-default\">Criminal Law <\/h1>\t\t\t\t<\/div>\n\t\t<div class=\"elementor-element elementor-element-f6eae93 e-con-full e-flex e-con e-child\" data-id=\"f6eae93\" data-element_type=\"container\" data-e-type=\"container\">\n\t\t<div class=\"elementor-element elementor-element-646e395 e-con-full e-flex e-con e-child\" data-id=\"646e395\" data-element_type=\"container\" data-e-type=\"container\">\n\t\t\t\t<div class=\"elementor-element elementor-element-764ec63 elementor-widget-mobile__width-initial elementor-invisible elementor-widget elementor-widget-text-editor\" data-id=\"764ec63\" data-element_type=\"widget\" data-e-type=\"widget\" data-settings=\"{&quot;_animation&quot;:&quot;zoomIn&quot;}\" data-widget_type=\"text-editor.default\">\n\t\t\t\t\t\t\t\t\t<h2><span style=\"color: #063e98;\">We believe there are no lost causes and no small battles<\/span><\/h2>\t\t\t\t\t\t\t\t<\/div>\n\t\t\t\t<\/div>\n\t\t\t\t<\/div>\n\t\t\t\t\t<\/div>\n\t\t\t\t<\/div>\n\t\t<div class=\"elementor-element elementor-element-d6c23e5 e-flex e-con-boxed e-con e-parent\" data-id=\"d6c23e5\" data-element_type=\"container\" data-e-type=\"container\">\n\t\t\t\t\t<div class=\"e-con-inner\">\n\t\t\t\t<div class=\"elementor-element elementor-element-3751e9f elementor-widget-mobile__width-initial elementor-invisible elementor-widget elementor-widget-text-editor\" data-id=\"3751e9f\" data-element_type=\"widget\" data-e-type=\"widget\" data-settings=\"{&quot;_animation&quot;:&quot;slideInLeft&quot;}\" data-widget_type=\"text-editor.default\">\n\t\t\t\t\t\t\t\t\t<p data-start=\"257\" data-end=\"564\">El \u00e1rea de Derecho Penal de <strong>MORENO ALVAREZ ABOGADOS<\/strong> se especializa en la asesor\u00eda, representaci\u00f3n y defensa t\u00e9cnica integral de personas naturales y jur\u00eddicas en procesos penales, actuando con rigor jur\u00eddico, estrategia procesal y profundo respeto por el debido proceso y los derechos fundamentales.<\/p><p data-start=\"566\" data-end=\"830\">Nuestra Firma acompa\u00f1a a sus clientes en todas las etapas del proceso penal, desde la fase de indagaci\u00f3n e investigaci\u00f3n hasta el juicio oral y el incidente de reparaci\u00f3n integral, tanto en calidad de defensa t\u00e9cnica como de representaci\u00f3n de v\u00edctimas.<\/p><p data-start=\"832\" data-end=\"1058\">Contamos con experiencia en la atenci\u00f3n de casos de alta complejidad, donde se requiere un an\u00e1lisis probatorio exhaustivo, una estrategia procesal definida y una intervenci\u00f3n t\u00e9cnica s\u00f3lida ante las autoridades judiciales.<\/p>\t\t\t\t\t\t\t\t<\/div>\n\t\t\t\t\t<\/div>\n\t\t\t\t<\/div>\n\t\t<div class=\"elementor-element elementor-element-75e1ced e-flex e-con-boxed e-con e-parent\" data-id=\"75e1ced\" data-element_type=\"container\" data-e-type=\"container\">\n\t\t\t\t\t<div class=\"e-con-inner\">\n\t\t\t\t<div class=\"elementor-element elementor-element-a08de37 elementor-widget-mobile__width-initial elementor-invisible elementor-widget elementor-widget-text-editor\" data-id=\"a08de37\" data-element_type=\"widget\" data-e-type=\"widget\" data-settings=\"{&quot;_animation&quot;:&quot;slideInLeft&quot;}\" data-widget_type=\"text-editor.default\">\n\t\t\t\t\t\t\t\t\t<p data-start=\"1093\" data-end=\"1181\"><strong>Servicios Especiales:<\/strong><\/p><ul><li data-start=\"1091\" data-end=\"1181\"><p data-start=\"1093\" data-end=\"1181\">Asesor\u00eda y representaci\u00f3n penal en etapa de indagaci\u00f3n, investigaci\u00f3n y juicio oral.<\/p><\/li><li data-start=\"1182\" data-end=\"1253\"><p data-start=\"1184\" data-end=\"1253\">Defensa t\u00e9cnica y representaci\u00f3n de v\u00edctimas en procesos penales.<\/p><\/li><li data-start=\"1254\" data-end=\"1312\"><p data-start=\"1256\" data-end=\"1312\">Intervenci\u00f3n en audiencias preliminares y de juicio.<\/p><\/li><li data-start=\"1313\" data-end=\"1371\"><p data-start=\"1315\" data-end=\"1371\">Acompa\u00f1amiento en incidentes de reparaci\u00f3n integral.<\/p><\/li><li data-start=\"1372\" data-end=\"1432\"><p data-start=\"1374\" data-end=\"1432\">Elaboraci\u00f3n de estrategias de defensa y litigio penal.<\/p><\/li><li data-start=\"1433\" data-end=\"1496\"><p data-start=\"1435\" data-end=\"1496\">Asesor\u00eda penal preventiva para personas naturales y empresas.<\/p><\/li><li data-start=\"1497\" data-end=\"1591\"><p data-start=\"1499\" data-end=\"1591\">Representaci\u00f3n extrajudicial y an\u00e1lisis jur\u00eddico previo de situaciones con relevancia penal.<\/p><\/li><li data-start=\"1592\" data-end=\"1681\"><p data-start=\"1594\" data-end=\"1681\">Presentaci\u00f3n de denuncias, querellas y requerimientos ante autoridades competentes.<\/p><\/li><\/ul>\t\t\t\t\t\t\t\t<\/div>\n\t\t\t\t\t<\/div>\n\t\t\t\t<\/div>\n\t\t<div class=\"elementor-element elementor-element-e8b7451 e-flex e-con-boxed e-con e-parent\" data-id=\"e8b7451\" data-element_type=\"container\" data-e-type=\"container\">\n\t\t\t\t\t<div class=\"e-con-inner\">\n\t\t\t\t<div class=\"elementor-element elementor-element-342fa33 elementor-widget-mobile__width-initial elementor-invisible elementor-widget elementor-widget-text-editor\" data-id=\"342fa33\" data-element_type=\"widget\" data-e-type=\"widget\" data-settings=\"{&quot;_animation&quot;:&quot;slideInLeft&quot;}\" data-widget_type=\"text-editor.default\">\n\t\t\t\t\t\t\t\t\t<p data-start=\"1683\" data-end=\"1929\">La pr\u00e1ctica penal de la Firma se apoya en un <strong data-start=\"1728\" data-end=\"1758\">enfoque multidisciplinario<\/strong>, con el acompa\u00f1amiento de investigadores de campo, analistas, peritos forenses, profesionales en inform\u00e1tica, contables y expertos t\u00e9cnicos, seg\u00fan la naturaleza del caso.<\/p><p data-start=\"1931\" data-end=\"2194\">Nuestros abogados ejercen esta \u00e1rea con <strong data-start=\"1971\" data-end=\"2031\">compromiso \u00e9tico, solvencia t\u00e9cnica y visi\u00f3n estrat\u00e9gica<\/strong>, entendiendo que cada proceso penal exige una defensa responsable, rigurosa y orientada a la protecci\u00f3n efectiva de los derechos e intereses de nuestros clientes.<\/p>\t\t\t\t\t\t\t\t<\/div>\n\t\t\t\t\t<\/div>\n\t\t\t\t<\/div>\n\t\t<div class=\"elementor-element elementor-element-b4e326d e-flex e-con-boxed e-con e-parent\" data-id=\"b4e326d\" data-element_type=\"container\" data-e-type=\"container\">\n\t\t\t\t\t<div class=\"e-con-inner\">\n\t\t\t\t<div class=\"elementor-element elementor-element-99553a2 elementor-widget elementor-widget-spacer\" data-id=\"99553a2\" data-element_type=\"widget\" data-e-type=\"widget\" data-widget_type=\"spacer.default\">\n\t\t\t\t\t\t\t<div class=\"elementor-spacer\">\n\t\t\t<div class=\"elementor-spacer-inner\"><\/div>\n\t\t<\/div>\n\t\t\t\t\t\t<\/div>\n\t\t\t\t\t<\/div>\n\t\t\t\t<\/div>\n\t\t\t\t<\/div>","protected":false},"excerpt":{"rendered":"<p>DERECHO PENAL Creemos que no hay causas perdidas ni batallas peque\u00f1as El \u00e1rea de Derecho Penal de MORENO ALVAREZ ABOGADOS se especializa en la asesor\u00eda, representaci\u00f3n y defensa t\u00e9cnica integral de personas naturales y jur\u00eddicas en procesos penales, actuando con rigor jur\u00eddico, estrategia procesal y profundo respeto por el debido proceso y los derechos fundamentales. &hellip; <\/p>\n<p class=\"link-more\"><a href=\"https:\/\/www.morenoalvarezabogados.com\/en\/derecho-penal\/\" class=\"more-link\">Read more<span class=\"screen-reader-text\"> &#8220;Derecho Penal&#8221;<\/span><\/a><\/p>","protected":false},"author":1,"featured_media":0,"parent":0,"menu_order":0,"comment_status":"closed","ping_status":"closed","template":"","meta":{"_acf_changed":false,"inspiro_hide_title":false,"footnotes":""},"class_list":["post-326","page","type-page","status-publish","hentry"],"acf":[],"featured_media_urls":[],"_links":{"self":[{"href":"https:\/\/www.morenoalvarezabogados.com\/en\/wp-json\/wp\/v2\/pages\/326","targetHints":{"allow":["GET"]}}],"collection":[{"href":"https:\/\/www.morenoalvarezabogados.com\/en\/wp-json\/wp\/v2\/pages"}],"about":[{"href":"https:\/\/www.morenoalvarezabogados.com\/en\/wp-json\/wp\/v2\/types\/page"}],"author":[{"embeddable":true,"href":"https:\/\/www.morenoalvarezabogados.com\/en\/wp-json\/wp\/v2\/users\/1"}],"replies":[{"embeddable":true,"href":"https:\/\/www.morenoalvarezabogados.com\/en\/wp-json\/wp\/v2\/comments?post=326"}],"version-history":[{"count":133,"href":"https:\/\/www.morenoalvarezabogados.com\/en\/wp-json\/wp\/v2\/pages\/326\/revisions"}],"predecessor-version":[{"id":5440,"href":"https:\/\/www.morenoalvarezabogados.com\/en\/wp-json\/wp\/v2\/pages\/326\/revisions\/5440"}],"wp:attachment":[{"href":"https:\/\/www.morenoalvarezabogados.com\/en\/wp-json\/wp\/v2\/media?parent=326"}],"curies":[{"name":"wp","href":"https:\/\/api.w.org\/{rel}","templated":true}]}}