{"id":295,"date":"2025-08-08T01:35:07","date_gmt":"2025-08-07T23:35:07","guid":{"rendered":"https:\/\/www.morenoalvarezabogados.com\/?page_id=295"},"modified":"2026-01-21T05:52:45","modified_gmt":"2026-01-21T04:52:45","slug":"derecho-civil","status":"publish","type":"page","link":"https:\/\/www.morenoalvarezabogados.com\/en\/derecho-civil\/","title":{"rendered":"Civil Law"},"content":{"rendered":"<div data-elementor-type=\"wp-page\" data-elementor-id=\"295\" class=\"elementor elementor-295\" data-elementor-post-type=\"page\">\n\t\t\t\t<div class=\"elementor-element elementor-element-7e2f7951 e-con-full e-flex e-con e-parent\" data-id=\"7e2f7951\" data-element_type=\"container\" data-e-type=\"container\">\n\t\t\t\t<div class=\"elementor-element elementor-element-0da79da elementor-widget__width-inherit elementor-widget elementor-widget-image\" data-id=\"0da79da\" data-element_type=\"widget\" data-e-type=\"widget\" data-widget_type=\"image.default\">\n\t\t\t\t\t\t\t\t\t\t\t\t\t\t\t<img fetchpriority=\"high\" decoding=\"async\" width=\"1920\" height=\"1080\" src=\"https:\/\/www.morenoalvarezabogados.com\/wp-content\/uploads\/2025\/09\/Diseno-sin-titulo-2.jpg\" class=\"attachment-full size-full wp-image-887\" alt=\"\" srcset=\"https:\/\/www.morenoalvarezabogados.com\/wp-content\/uploads\/2025\/09\/Diseno-sin-titulo-2.jpg 1920w, https:\/\/www.morenoalvarezabogados.com\/wp-content\/uploads\/2025\/09\/Diseno-sin-titulo-2-300x169.jpg 300w, https:\/\/www.morenoalvarezabogados.com\/wp-content\/uploads\/2025\/09\/Diseno-sin-titulo-2-1024x576.jpg 1024w, https:\/\/www.morenoalvarezabogados.com\/wp-content\/uploads\/2025\/09\/Diseno-sin-titulo-2-1536x864.jpg 1536w, https:\/\/www.morenoalvarezabogados.com\/wp-content\/uploads\/2025\/09\/Diseno-sin-titulo-2-600x338.jpg 600w, https:\/\/www.morenoalvarezabogados.com\/wp-content\/uploads\/2025\/09\/Diseno-sin-titulo-2-1200x675.jpg 1200w, https:\/\/www.morenoalvarezabogados.com\/wp-content\/uploads\/2025\/09\/Diseno-sin-titulo-2-18x10.jpg 18w\" sizes=\"100vw\" \/>\t\t\t\t\t\t\t\t\t\t\t\t\t\t\t<\/div>\n\t\t\t\t<div class=\"elementor-element elementor-element-d265c2a elementor-widget elementor-widget-spacer\" data-id=\"d265c2a\" data-element_type=\"widget\" data-e-type=\"widget\" data-widget_type=\"spacer.default\">\n\t\t\t\t\t\t\t<div class=\"elementor-spacer\">\n\t\t\t<div class=\"elementor-spacer-inner\"><\/div>\n\t\t<\/div>\n\t\t\t\t\t\t<\/div>\n\t\t\t\t<div class=\"elementor-element elementor-element-f270769 elementor-invisible elementor-widget elementor-widget-heading\" data-id=\"f270769\" data-element_type=\"widget\" data-e-type=\"widget\" data-settings=\"{&quot;_animation&quot;:&quot;slideInDown&quot;}\" data-widget_type=\"heading.default\">\n\t\t\t\t\t<h1 class=\"elementor-heading-title elementor-size-default\">CIVIL LAW<\/h1>\t\t\t\t<\/div>\n\t\t<div class=\"elementor-element elementor-element-f6eae93 e-con-full e-flex e-con e-child\" data-id=\"f6eae93\" data-element_type=\"container\" data-e-type=\"container\">\n\t\t<div class=\"elementor-element elementor-element-646e395 e-con-full e-flex e-con e-child\" data-id=\"646e395\" data-element_type=\"container\" data-e-type=\"container\">\n\t\t\t\t<div class=\"elementor-element elementor-element-764ec63 elementor-widget-mobile__width-initial elementor-invisible elementor-widget elementor-widget-text-editor\" data-id=\"764ec63\" data-element_type=\"widget\" data-e-type=\"widget\" data-settings=\"{&quot;_animation&quot;:&quot;zoomIn&quot;}\" data-widget_type=\"text-editor.default\">\n\t\t\t\t\t\t\t\t\t<h2><span style=\"color: #063e98;\"><b>We believe there are no lost causes and no small battles<\/b><\/span><\/h2>\t\t\t\t\t\t\t\t<\/div>\n\t\t\t\t<\/div>\n\t\t\t\t<\/div>\n\t\t\t\t<\/div>\n\t\t<div class=\"elementor-element elementor-element-1fb4648 e-flex e-con-boxed e-con e-parent\" data-id=\"1fb4648\" data-element_type=\"container\" data-e-type=\"container\">\n\t\t\t\t\t<div class=\"e-con-inner\">\n\t\t\t\t<div class=\"elementor-element elementor-element-3751e9f elementor-widget-mobile__width-initial elementor-invisible elementor-widget elementor-widget-text-editor\" data-id=\"3751e9f\" data-element_type=\"widget\" data-e-type=\"widget\" data-settings=\"{&quot;_animation&quot;:&quot;slideInLeft&quot;}\" data-widget_type=\"text-editor.default\">\n\t\t\t\t\t\t\t\t\t<p data-start=\"290\" data-end=\"617\">El \u00e1rea de Derecho Civil de <strong>MORENO ALVAREZ ABOGADOS<\/strong> se encuentra conformada por profesionales con s\u00f3lida formaci\u00f3n y amplia experiencia en la asesor\u00eda, consultor\u00eda y representaci\u00f3n judicial y extrajudicial de personas naturales y jur\u00eddicas, en los diferentes asuntos que regulan las relaciones privadas y patrimoniales.<\/p><p data-start=\"619\" data-end=\"948\">Nuestra Firma ofrece un acompa\u00f1amiento jur\u00eddico integral, t\u00e9cnico y estrat\u00e9gico, orientado a la prevenci\u00f3n de conflictos, la adecuada gesti\u00f3n del riesgo jur\u00eddico y la defensa efectiva de los intereses de nuestros clientes, actuando en primera y segunda instancia, as\u00ed como ante las altas cortes cuando el caso lo amerita.<\/p><p data-start=\"950\" data-end=\"1154\">La pr\u00e1ctica del Derecho Civil se desarrolla bajo criterios de rigurosidad jur\u00eddica, an\u00e1lisis probatorio y enfoque estrat\u00e9gico, garantizando soluciones eficientes y ajustadas a la normatividad vigente.<\/p>\t\t\t\t\t\t\t\t<\/div>\n\t\t\t\t\t<\/div>\n\t\t\t\t<\/div>\n\t\t<div class=\"elementor-element elementor-element-a6ec236 e-flex e-con-boxed e-con e-parent\" data-id=\"a6ec236\" data-element_type=\"container\" data-e-type=\"container\">\n\t\t\t\t\t<div class=\"e-con-inner\">\n\t\t\t\t<div class=\"elementor-element elementor-element-05f6618 elementor-widget-mobile__width-initial elementor-invisible elementor-widget elementor-widget-text-editor\" data-id=\"05f6618\" data-element_type=\"widget\" data-e-type=\"widget\" data-settings=\"{&quot;_animation&quot;:&quot;slideInLeft&quot;}\" data-widget_type=\"text-editor.default\">\n\t\t\t\t\t\t\t\t\t<p data-start=\"1189\" data-end=\"1247\"><strong>Servicios Especiales:<\/strong><\/p><ul data-start=\"1187\" data-end=\"1692\"><li data-start=\"1187\" data-end=\"1247\"><p data-start=\"1189\" data-end=\"1247\">Procesos ejecutivos y gesti\u00f3n de obligaciones civiles.<\/p><\/li><li data-start=\"1248\" data-end=\"1306\"><p data-start=\"1250\" data-end=\"1306\">Procesos de simulaci\u00f3n y nulidad de actos jur\u00eddicos.<\/p><\/li><li data-start=\"1307\" data-end=\"1351\"><p data-start=\"1309\" data-end=\"1351\">Resoluci\u00f3n y terminaci\u00f3n de contratos.<\/p><\/li><li data-start=\"1352\" data-end=\"1412\"><p data-start=\"1354\" data-end=\"1412\">Procesos de pertenencia y saneamiento de la propiedad.<\/p><\/li><li data-start=\"1413\" data-end=\"1453\"><p data-start=\"1415\" data-end=\"1453\">Restituci\u00f3n de inmueble arrendado.<\/p><\/li><li data-start=\"1454\" data-end=\"1499\"><p data-start=\"1456\" data-end=\"1499\">Sucesiones intestadas y testamentarias.<\/p><\/li><li data-start=\"1500\" data-end=\"1555\"><p data-start=\"1502\" data-end=\"1555\">Responsabilidad civil contractual y extracontractual.<\/p><\/li><li data-start=\"1556\" data-end=\"1616\"><p data-start=\"1558\" data-end=\"1616\">Asesor\u00eda y representaci\u00f3n en conflictos patrimoniales.<\/p><\/li><li data-start=\"1617\" data-end=\"1692\"><p data-start=\"1619\" data-end=\"1692\">Acompa\u00f1amiento jur\u00eddico preventivo en relaciones civiles y contractuales.<\/p><\/li><\/ul>\t\t\t\t\t\t\t\t<\/div>\n\t\t\t\t\t<\/div>\n\t\t\t\t<\/div>\n\t\t<div class=\"elementor-element elementor-element-c573632 e-flex e-con-boxed e-con e-parent\" data-id=\"c573632\" data-element_type=\"container\" data-e-type=\"container\">\n\t\t\t\t\t<div class=\"e-con-inner\">\n\t\t\t\t<div class=\"elementor-element elementor-element-10c7d14 elementor-widget-mobile__width-initial elementor-invisible elementor-widget elementor-widget-text-editor\" data-id=\"10c7d14\" data-element_type=\"widget\" data-e-type=\"widget\" data-settings=\"{&quot;_animation&quot;:&quot;slideInLeft&quot;}\" data-widget_type=\"text-editor.default\">\n\t\t\t\t\t\t\t\t\t<p data-start=\"290\" data-end=\"617\">Nuestros abogados cuentan con experiencia en el <strong data-start=\"1742\" data-end=\"1781\">manejo integral de procesos civiles<\/strong>, desde la etapa precontractual y extrajudicial hasta la representaci\u00f3n judicial, actuando siempre con <strong data-start=\"1884\" data-end=\"1969\">criterio t\u00e9cnico, claridad estrat\u00e9gica y compromiso con los intereses del cliente<\/strong>.<\/p>\t\t\t\t\t\t\t\t<\/div>\n\t\t\t\t\t<\/div>\n\t\t\t\t<\/div>\n\t\t<div class=\"elementor-element elementor-element-60c5486 e-flex e-con-boxed e-con e-parent\" data-id=\"60c5486\" data-element_type=\"container\" data-e-type=\"container\">\n\t\t\t\t\t<div class=\"e-con-inner\">\n\t\t\t\t<div class=\"elementor-element elementor-element-3512516 elementor-widget elementor-widget-spacer\" data-id=\"3512516\" data-element_type=\"widget\" data-e-type=\"widget\" data-widget_type=\"spacer.default\">\n\t\t\t\t\t\t\t<div class=\"elementor-spacer\">\n\t\t\t<div class=\"elementor-spacer-inner\"><\/div>\n\t\t<\/div>\n\t\t\t\t\t\t<\/div>\n\t\t\t\t\t<\/div>\n\t\t\t\t<\/div>\n\t\t\t\t<\/div>","protected":false},"excerpt":{"rendered":"<p>DERECHO CIVIL Creemos que no hay causas perdidas ni batallas peque\u00f1as El \u00e1rea de Derecho Civil de MORENO ALVAREZ ABOGADOS se encuentra conformada por profesionales con s\u00f3lida formaci\u00f3n y amplia experiencia en la asesor\u00eda, consultor\u00eda y representaci\u00f3n judicial y extrajudicial de personas naturales y jur\u00eddicas, en los diferentes asuntos que regulan las relaciones privadas y &hellip; <\/p>\n<p class=\"link-more\"><a href=\"https:\/\/www.morenoalvarezabogados.com\/en\/derecho-civil\/\" class=\"more-link\">Read more<span class=\"screen-reader-text\"> &#8220;Derecho Civil&#8221;<\/span><\/a><\/p>","protected":false},"author":1,"featured_media":0,"parent":0,"menu_order":0,"comment_status":"closed","ping_status":"closed","template":"","meta":{"_acf_changed":false,"inspiro_hide_title":false,"footnotes":""},"class_list":["post-295","page","type-page","status-publish","hentry"],"acf":[],"featured_media_urls":[],"_links":{"self":[{"href":"https:\/\/www.morenoalvarezabogados.com\/en\/wp-json\/wp\/v2\/pages\/295","targetHints":{"allow":["GET"]}}],"collection":[{"href":"https:\/\/www.morenoalvarezabogados.com\/en\/wp-json\/wp\/v2\/pages"}],"about":[{"href":"https:\/\/www.morenoalvarezabogados.com\/en\/wp-json\/wp\/v2\/types\/page"}],"author":[{"embeddable":true,"href":"https:\/\/www.morenoalvarezabogados.com\/en\/wp-json\/wp\/v2\/users\/1"}],"replies":[{"embeddable":true,"href":"https:\/\/www.morenoalvarezabogados.com\/en\/wp-json\/wp\/v2\/comments?post=295"}],"version-history":[{"count":109,"href":"https:\/\/www.morenoalvarezabogados.com\/en\/wp-json\/wp\/v2\/pages\/295\/revisions"}],"predecessor-version":[{"id":5501,"href":"https:\/\/www.morenoalvarezabogados.com\/en\/wp-json\/wp\/v2\/pages\/295\/revisions\/5501"}],"wp:attachment":[{"href":"https:\/\/www.morenoalvarezabogados.com\/en\/wp-json\/wp\/v2\/media?parent=295"}],"curies":[{"name":"wp","href":"https:\/\/api.w.org\/{rel}","templated":true}]}}