{"id":20,"date":"2025-08-07T06:17:17","date_gmt":"2025-08-07T04:17:17","guid":{"rendered":"https:\/\/www.morenoalvarezabogados.com\/?page_id=20"},"modified":"2026-03-18T00:02:10","modified_gmt":"2026-03-17T23:02:10","slug":"nuestra-firma","status":"publish","type":"page","link":"https:\/\/www.morenoalvarezabogados.com\/en\/nuestra-firma\/","title":{"rendered":"Our Firm"},"content":{"rendered":"<div data-elementor-type=\"wp-page\" data-elementor-id=\"20\" class=\"elementor elementor-20\" data-elementor-post-type=\"page\">\n\t\t\t\t<div class=\"elementor-element elementor-element-7e2f7951 e-flex e-con-boxed e-con e-parent\" data-id=\"7e2f7951\" data-element_type=\"container\" data-e-type=\"container\">\n\t\t\t\t\t<div class=\"e-con-inner\">\n\t\t\t\t<div class=\"elementor-element elementor-element-0da79da elementor-widget elementor-widget-image\" data-id=\"0da79da\" data-element_type=\"widget\" data-e-type=\"widget\" data-widget_type=\"image.default\">\n\t\t\t\t\t\t\t\t\t\t\t\t\t\t\t<img fetchpriority=\"high\" decoding=\"async\" width=\"1200\" height=\"630\" src=\"https:\/\/www.morenoalvarezabogados.com\/wp-content\/uploads\/2025\/08\/Como-aumentar-la-visibilidad-de-una-firma-de-abogados.webp\" class=\"attachment-full size-full wp-image-252\" alt=\"\" srcset=\"https:\/\/www.morenoalvarezabogados.com\/wp-content\/uploads\/2025\/08\/Como-aumentar-la-visibilidad-de-una-firma-de-abogados.webp 1200w, https:\/\/www.morenoalvarezabogados.com\/wp-content\/uploads\/2025\/08\/Como-aumentar-la-visibilidad-de-una-firma-de-abogados-300x158.webp 300w, https:\/\/www.morenoalvarezabogados.com\/wp-content\/uploads\/2025\/08\/Como-aumentar-la-visibilidad-de-una-firma-de-abogados-1024x538.webp 1024w, https:\/\/www.morenoalvarezabogados.com\/wp-content\/uploads\/2025\/08\/Como-aumentar-la-visibilidad-de-una-firma-de-abogados-600x315.webp 600w, https:\/\/www.morenoalvarezabogados.com\/wp-content\/uploads\/2025\/08\/Como-aumentar-la-visibilidad-de-una-firma-de-abogados-18x9.webp 18w\" sizes=\"100vw\" \/>\t\t\t\t\t\t\t\t\t\t\t\t\t\t\t<\/div>\n\t\t<div class=\"elementor-element elementor-element-f6eae93 e-con-full e-flex e-con e-child\" data-id=\"f6eae93\" data-element_type=\"container\" data-e-type=\"container\">\n\t\t<div class=\"elementor-element elementor-element-646e395 e-con-full e-flex e-con e-child\" data-id=\"646e395\" data-element_type=\"container\" data-e-type=\"container\">\n\t\t\t\t<div class=\"elementor-element elementor-element-f5c378c elementor-widget elementor-widget-spacer\" data-id=\"f5c378c\" data-element_type=\"widget\" data-e-type=\"widget\" data-widget_type=\"spacer.default\">\n\t\t\t\t\t\t\t<div class=\"elementor-spacer\">\n\t\t\t<div class=\"elementor-spacer-inner\"><\/div>\n\t\t<\/div>\n\t\t\t\t\t\t<\/div>\n\t\t\t\t<div class=\"elementor-element elementor-element-563120a elementor-widget elementor-widget-heading\" data-id=\"563120a\" data-element_type=\"widget\" data-e-type=\"widget\" data-widget_type=\"heading.default\">\n\t\t\t\t\t<h2 class=\"elementor-heading-title elementor-size-default\">We Defend the Causes the World Considers Lost<\/h2>\t\t\t\t<\/div>\n\t\t\t\t<div class=\"elementor-element elementor-element-0043ebe elementor-widget-mobile__width-initial elementor-widget elementor-widget-text-editor\" data-id=\"0043ebe\" data-element_type=\"widget\" data-e-type=\"widget\" data-widget_type=\"text-editor.default\">\n\t\t\t\t\t\t\t\t\t<p><strong>Moreno Alvarez Abogados,<\/strong> It is a legal services law firm with more than two decades of experience in the Colombian legal market. Founded by Dr. <strong>Jos\u00e9 Luis Moreno\u00a0<\/strong><b>\u00c1lvarez<\/b>, the Firm has established itself as a benchmark in the legal field, offering a comprehensive and highly competent portfolio of legal and corporate services. Together with its partners and executives, it has developed innovative, results-oriented strategies, overcoming the most demanding legal challenges and positioning itself as a leader across various areas of law. Always guided by principles of excellence, commitment, and a strong vocation for service.<\/p><p>Offering a portfolio of legal and corporate services, developed by a highly qualified interdisciplinary team, including practice in the following areas:<\/p><p><img decoding=\"async\" class=\"alignleft wp-image-328\" src=\"https:\/\/www.morenoalvarezabogados.com\/wp-content\/uploads\/2025\/08\/Ver-mas-4.png\" alt=\"\" width=\"20\" height=\"20\" srcset=\"https:\/\/www.morenoalvarezabogados.com\/wp-content\/uploads\/2025\/08\/Ver-mas-4.png 232w, https:\/\/www.morenoalvarezabogados.com\/wp-content\/uploads\/2025\/08\/Ver-mas-4-150x150.png 150w, https:\/\/www.morenoalvarezabogados.com\/wp-content\/uploads\/2025\/08\/Ver-mas-4-12x12.png 12w\" sizes=\"(max-width: 20px) 100vw, 20px\" \/> <strong><a href=\"https:\/\/www.morenoalvarezabogados.com\/en\/derecho-civil\/\">Civil Law<\/a><\/strong><\/p><p><img decoding=\"async\" class=\"alignleft wp-image-328\" src=\"https:\/\/www.morenoalvarezabogados.com\/wp-content\/uploads\/2025\/08\/Ver-mas-4.png\" alt=\"\" width=\"20\" height=\"20\" srcset=\"https:\/\/www.morenoalvarezabogados.com\/wp-content\/uploads\/2025\/08\/Ver-mas-4.png 232w, https:\/\/www.morenoalvarezabogados.com\/wp-content\/uploads\/2025\/08\/Ver-mas-4-150x150.png 150w, https:\/\/www.morenoalvarezabogados.com\/wp-content\/uploads\/2025\/08\/Ver-mas-4-12x12.png 12w\" sizes=\"(max-width: 20px) 100vw, 20px\" \/> <strong><a href=\"https:\/\/www.morenoalvarezabogados.com\/en\/derecho-penal\/\">Criminal Law<\/a><\/strong><\/p><p><img decoding=\"async\" class=\"alignleft wp-image-328\" src=\"https:\/\/www.morenoalvarezabogados.com\/wp-content\/uploads\/2025\/08\/Ver-mas-4.png\" alt=\"\" width=\"20\" height=\"20\" srcset=\"https:\/\/www.morenoalvarezabogados.com\/wp-content\/uploads\/2025\/08\/Ver-mas-4.png 232w, https:\/\/www.morenoalvarezabogados.com\/wp-content\/uploads\/2025\/08\/Ver-mas-4-150x150.png 150w, https:\/\/www.morenoalvarezabogados.com\/wp-content\/uploads\/2025\/08\/Ver-mas-4-12x12.png 12w\" sizes=\"(max-width: 20px) 100vw, 20px\" \/> <strong><a href=\"https:\/\/www.morenoalvarezabogados.com\/en\/derecho-constitucional\/\">Derecho Constitucional<\/a><\/strong><\/p><p><strong><a href=\"https:\/\/www.morenoalvarezabogados.com\/en\/derechos-humanos\/\"><img decoding=\"async\" class=\"alignleft wp-image-328\" src=\"https:\/\/www.morenoalvarezabogados.com\/wp-content\/uploads\/2025\/08\/Ver-mas-4.png\" alt=\"\" width=\"20\" height=\"20\" srcset=\"https:\/\/www.morenoalvarezabogados.com\/wp-content\/uploads\/2025\/08\/Ver-mas-4.png 232w, https:\/\/www.morenoalvarezabogados.com\/wp-content\/uploads\/2025\/08\/Ver-mas-4-150x150.png 150w, https:\/\/www.morenoalvarezabogados.com\/wp-content\/uploads\/2025\/08\/Ver-mas-4-12x12.png 12w\" sizes=\"(max-width: 20px) 100vw, 20px\" \/> Derechos Humanos y Litigio Estrat\u00e9gico<\/a><\/strong><\/p><p><strong><a href=\"https:\/\/www.morenoalvarezabogados.com\/en\/derechos-humanos\/\"><img decoding=\"async\" class=\"alignleft wp-image-328\" src=\"https:\/\/www.morenoalvarezabogados.com\/wp-content\/uploads\/2025\/08\/Ver-mas-4.png\" alt=\"\" width=\"20\" height=\"20\" srcset=\"https:\/\/www.morenoalvarezabogados.com\/wp-content\/uploads\/2025\/08\/Ver-mas-4.png 232w, https:\/\/www.morenoalvarezabogados.com\/wp-content\/uploads\/2025\/08\/Ver-mas-4-150x150.png 150w, https:\/\/www.morenoalvarezabogados.com\/wp-content\/uploads\/2025\/08\/Ver-mas-4-12x12.png 12w\" sizes=\"(max-width: 20px) 100vw, 20px\" \/> <\/a><a href=\"https:\/\/www.morenoalvarezabogados.com\/en\/gestion-y-cobranza-de-cartera\/\">Gesti\u00f3n y Cobranza de Cartera<\/a><a href=\"https:\/\/www.morenoalvarezabogados.com\/en\/derechos-humanos\/\">Derechos <\/a><\/strong><\/p><p><img decoding=\"async\" class=\"alignleft wp-image-328\" src=\"https:\/\/www.morenoalvarezabogados.com\/wp-content\/uploads\/2025\/08\/Ver-mas-4.png\" alt=\"\" width=\"20\" height=\"20\" srcset=\"https:\/\/www.morenoalvarezabogados.com\/wp-content\/uploads\/2025\/08\/Ver-mas-4.png 232w, https:\/\/www.morenoalvarezabogados.com\/wp-content\/uploads\/2025\/08\/Ver-mas-4-150x150.png 150w, https:\/\/www.morenoalvarezabogados.com\/wp-content\/uploads\/2025\/08\/Ver-mas-4-12x12.png 12w\" sizes=\"(max-width: 20px) 100vw, 20px\" \/> <strong><a href=\"https:\/\/www.morenoalvarezabogados.com\/en\/campanas-politicas\/\">Dise\u00f1o y Direcci\u00f3n de Campa\u00f1as Pol\u00edticas<\/a><\/strong><\/p><p><img decoding=\"async\" class=\"alignleft wp-image-328\" src=\"https:\/\/www.morenoalvarezabogados.com\/wp-content\/uploads\/2025\/08\/Ver-mas-4.png\" alt=\"\" width=\"20\" height=\"20\" srcset=\"https:\/\/www.morenoalvarezabogados.com\/wp-content\/uploads\/2025\/08\/Ver-mas-4.png 232w, https:\/\/www.morenoalvarezabogados.com\/wp-content\/uploads\/2025\/08\/Ver-mas-4-150x150.png 150w, https:\/\/www.morenoalvarezabogados.com\/wp-content\/uploads\/2025\/08\/Ver-mas-4-12x12.png 12w\" sizes=\"(max-width: 20px) 100vw, 20px\" \/> <strong><a href=\"https:\/\/www.morenoalvarezabogados.com\/en\/marketing-y-comunicaciones-servicios-juridicos\/\">Marketing y Comunicaciones &#8211; Servicios Jur\u00eddicos<\/a><\/strong><\/p><p>\u00a0<\/p>\t\t\t\t\t\t\t\t<\/div>\n\t\t\t\t<\/div>\n\t\t\t\t<\/div>\n\t\t\t\t\t<\/div>\n\t\t\t\t<\/div>\n\t\t<div class=\"elementor-element elementor-element-611aabc e-flex e-con-boxed e-con e-parent\" data-id=\"611aabc\" data-element_type=\"container\" data-e-type=\"container\">\n\t\t\t\t\t<div class=\"e-con-inner\">\n\t\t\t\t<div class=\"elementor-element elementor-element-3a4933e elementor-widget elementor-widget-spacer\" data-id=\"3a4933e\" data-element_type=\"widget\" data-e-type=\"widget\" data-widget_type=\"spacer.default\">\n\t\t\t\t\t\t\t<div class=\"elementor-spacer\">\n\t\t\t<div class=\"elementor-spacer-inner\"><\/div>\n\t\t<\/div>\n\t\t\t\t\t\t<\/div>\n\t\t\t\t\t<\/div>\n\t\t\t\t<\/div>\n\t\t<div class=\"elementor-element elementor-element-7018d70 e-grid e-con-boxed e-con e-parent\" data-id=\"7018d70\" data-element_type=\"container\" data-e-type=\"container\">\n\t\t\t\t\t<div class=\"e-con-inner\">\n\t\t\t\t<div class=\"elementor-element elementor-element-062bec2 elementor-widget elementor-widget-image\" data-id=\"062bec2\" data-element_type=\"widget\" data-e-type=\"widget\" data-widget_type=\"image.default\">\n\t\t\t\t\t\t\t\t\t\t\t\t\t\t\t<img decoding=\"async\" width=\"600\" height=\"400\" src=\"https:\/\/www.morenoalvarezabogados.com\/wp-content\/uploads\/2025\/08\/organizar-un-despacho-de-abogados-1-600x400.webp\" class=\"attachment-portfolio_item-thumbnail size-portfolio_item-thumbnail wp-image-256\" alt=\"\" srcset=\"https:\/\/www.morenoalvarezabogados.com\/wp-content\/uploads\/2025\/08\/organizar-un-despacho-de-abogados-1-600x399.webp 600w, https:\/\/www.morenoalvarezabogados.com\/wp-content\/uploads\/2025\/08\/organizar-un-despacho-de-abogados-1-300x200.webp 300w, https:\/\/www.morenoalvarezabogados.com\/wp-content\/uploads\/2025\/08\/organizar-un-despacho-de-abogados-1-18x12.webp 18w, https:\/\/www.morenoalvarezabogados.com\/wp-content\/uploads\/2025\/08\/organizar-un-despacho-de-abogados-1.webp 1000w\" sizes=\"100vw\" \/>\t\t\t\t\t\t\t\t\t\t\t\t\t\t\t<\/div>\n\t\t\t\t<div class=\"elementor-element elementor-element-1488e91 elementor-widget-mobile__width-initial elementor-widget elementor-widget-text-editor\" data-id=\"1488e91\" data-element_type=\"widget\" data-e-type=\"widget\" data-widget_type=\"text-editor.default\">\n\t\t\t\t\t\t\t\t\t<h3 style=\"text-align: center;\"><strong><span style=\"color: #063e98;\">Quality Policies<\/span><\/strong><\/h3><p>Discipline, responsibility, and commitment in every legal service provided are the greatest guarantee of our clients\u2019 satisfaction in the processes we lead. Undoubtedly, the qualified and talented human capital that makes up\u00a0<strong>MORENO ALVAREZ ABOGADOS<\/strong>, is the driving force behind our success; led by Senior Management, fully committed to complying with all legal and applicable requirements related to our work.<\/p>\t\t\t\t\t\t\t\t<\/div>\n\t\t\t\t\t<\/div>\n\t\t\t\t<\/div>\n\t\t<div class=\"elementor-element elementor-element-6129672 e-flex e-con-boxed e-con e-parent\" data-id=\"6129672\" data-element_type=\"container\" data-e-type=\"container\">\n\t\t\t\t\t<div class=\"e-con-inner\">\n\t\t\t\t<div class=\"elementor-element elementor-element-b3801e1 elementor-widget-divider--view-line elementor-widget elementor-widget-divider\" data-id=\"b3801e1\" data-element_type=\"widget\" data-e-type=\"widget\" data-widget_type=\"divider.default\">\n\t\t\t\t\t\t\t<div class=\"elementor-divider\">\n\t\t\t<span class=\"elementor-divider-separator\">\n\t\t\t\t\t\t<\/span>\n\t\t<\/div>\n\t\t\t\t\t\t<\/div>\n\t\t\t\t\t<\/div>\n\t\t\t\t<\/div>\n\t\t<div class=\"elementor-element elementor-element-a80ab18 e-grid e-con-boxed e-con e-parent\" data-id=\"a80ab18\" data-element_type=\"container\" data-e-type=\"container\">\n\t\t\t\t\t<div class=\"e-con-inner\">\n\t\t\t\t<div class=\"elementor-element elementor-element-bf786bb elementor-widget elementor-widget-image\" data-id=\"bf786bb\" data-element_type=\"widget\" data-e-type=\"widget\" data-widget_type=\"image.default\">\n\t\t\t\t\t\t\t\t\t\t\t\t\t\t\t<img loading=\"lazy\" decoding=\"async\" width=\"600\" height=\"400\" src=\"https:\/\/www.morenoalvarezabogados.com\/wp-content\/uploads\/2025\/08\/Cabeceras-blog-Genera-29-1-600x400.webp\" class=\"attachment-portfolio_item-thumbnail size-portfolio_item-thumbnail wp-image-261\" alt=\"\" srcset=\"https:\/\/www.morenoalvarezabogados.com\/wp-content\/uploads\/2025\/08\/Cabeceras-blog-Genera-29-1-600x400.webp 600w, https:\/\/www.morenoalvarezabogados.com\/wp-content\/uploads\/2025\/08\/Cabeceras-blog-Genera-29-1-18x12.webp 18w\" sizes=\"100vw\" \/>\t\t\t\t\t\t\t\t\t\t\t\t\t\t\t<\/div>\n\t\t\t\t<div class=\"elementor-element elementor-element-d3f7a9c elementor-widget-mobile__width-initial elementor-widget elementor-widget-text-editor\" data-id=\"d3f7a9c\" data-element_type=\"widget\" data-e-type=\"widget\" data-widget_type=\"text-editor.default\">\n\t\t\t\t\t\t\t\t\t<h3 style=\"text-align: center;\"><strong><span style=\"color: #063e98;\">MISSION<\/span><\/strong><\/h3>\n<p><strong>MORENO ALVAREZ ABOGADOS<\/strong>, is a law firm that, through a multidisciplinary approach, advises, represents, and provides comprehensive and value-driven legal solutions to individuals, as well as public and private entities, within a framework of excellence, quality, and responsibility policies.<\/p>\t\t\t\t\t\t\t\t<\/div>\n\t\t\t\t\t<\/div>\n\t\t\t\t<\/div>\n\t\t<div class=\"elementor-element elementor-element-0bea65e e-flex e-con-boxed e-con e-parent\" data-id=\"0bea65e\" data-element_type=\"container\" data-e-type=\"container\">\n\t\t\t\t\t<div class=\"e-con-inner\">\n\t\t\t\t<div class=\"elementor-element elementor-element-981b935 elementor-widget-divider--view-line elementor-widget elementor-widget-divider\" data-id=\"981b935\" data-element_type=\"widget\" data-e-type=\"widget\" data-widget_type=\"divider.default\">\n\t\t\t\t\t\t\t<div class=\"elementor-divider\">\n\t\t\t<span class=\"elementor-divider-separator\">\n\t\t\t\t\t\t<\/span>\n\t\t<\/div>\n\t\t\t\t\t\t<\/div>\n\t\t\t\t\t<\/div>\n\t\t\t\t<\/div>\n\t\t<div class=\"elementor-element elementor-element-cde162c e-grid e-con-boxed e-con e-parent\" data-id=\"cde162c\" data-element_type=\"container\" data-e-type=\"container\">\n\t\t\t\t\t<div class=\"e-con-inner\">\n\t\t\t\t<div class=\"elementor-element elementor-element-5f51e1e elementor-widget elementor-widget-image\" data-id=\"5f51e1e\" data-element_type=\"widget\" data-e-type=\"widget\" data-widget_type=\"image.default\">\n\t\t\t\t\t\t\t\t\t\t\t\t\t\t\t<img loading=\"lazy\" decoding=\"async\" width=\"612\" height=\"340\" src=\"https:\/\/www.morenoalvarezabogados.com\/wp-content\/uploads\/2025\/08\/istockphoto-500504909-612x612-1.webp\" class=\"attachment-medium_large size-medium_large wp-image-259\" alt=\"\" srcset=\"https:\/\/www.morenoalvarezabogados.com\/wp-content\/uploads\/2025\/08\/istockphoto-500504909-612x612-1.webp 612w, https:\/\/www.morenoalvarezabogados.com\/wp-content\/uploads\/2025\/08\/istockphoto-500504909-612x612-1-300x167.webp 300w, https:\/\/www.morenoalvarezabogados.com\/wp-content\/uploads\/2025\/08\/istockphoto-500504909-612x612-1-600x333.webp 600w, https:\/\/www.morenoalvarezabogados.com\/wp-content\/uploads\/2025\/08\/istockphoto-500504909-612x612-1-18x10.webp 18w\" sizes=\"100vw\" \/>\t\t\t\t\t\t\t\t\t\t\t\t\t\t\t<\/div>\n\t\t\t\t<div class=\"elementor-element elementor-element-328a0c7 elementor-widget-mobile__width-initial elementor-widget elementor-widget-text-editor\" data-id=\"328a0c7\" data-element_type=\"widget\" data-e-type=\"widget\" data-widget_type=\"text-editor.default\">\n\t\t\t\t\t\t\t\t\t<h3 style=\"text-align: center;\"><strong><span style=\"color: #063e98;\">VISION<\/span><\/strong><\/h3><p>En el a\u00f1o 2028, <strong>MORENO ALVAREZ ABOGADOS<\/strong>, will lead the provision of legal services in Colombia and will position itself, through strategic alliances, as one of the best and most efficient law firms in the international market.<\/p>\t\t\t\t\t\t\t\t<\/div>\n\t\t\t\t\t<\/div>\n\t\t\t\t<\/div>\n\t\t<div class=\"elementor-element elementor-element-a4b2c8d e-flex e-con-boxed e-con e-parent\" data-id=\"a4b2c8d\" data-element_type=\"container\" data-e-type=\"container\">\n\t\t\t\t\t<div class=\"e-con-inner\">\n\t\t\t\t<div class=\"elementor-element elementor-element-fce9918 elementor-widget elementor-widget-spacer\" data-id=\"fce9918\" data-element_type=\"widget\" data-e-type=\"widget\" data-widget_type=\"spacer.default\">\n\t\t\t\t\t\t\t<div class=\"elementor-spacer\">\n\t\t\t<div class=\"elementor-spacer-inner\"><\/div>\n\t\t<\/div>\n\t\t\t\t\t\t<\/div>\n\t\t\t\t\t<\/div>\n\t\t\t\t<\/div>\n\t\t\t\t<\/div>","protected":false},"excerpt":{"rendered":"<p>Defendemos las causas que el mundo considera perdidas Moreno Alvarez Abogados, es una firma de servicios jur\u00eddicos con m\u00e1s de dos d\u00e9cadas de experiencia en el mercado legal colombiano. Fundada por el Doctor Jos\u00e9 Luis Moreno\u00a0\u00c1lvarez, la Firma se ha consolidado como un referente en el \u00e1mbito jur\u00eddico, ofreciendo un portafolio completo y altamente competente &hellip; <\/p>\n<p class=\"link-more\"><a href=\"https:\/\/www.morenoalvarezabogados.com\/en\/nuestra-firma\/\" class=\"more-link\">Read more<span class=\"screen-reader-text\"> &#8220;Nuestra firma&#8221;<\/span><\/a><\/p>","protected":false},"author":1,"featured_media":0,"parent":0,"menu_order":0,"comment_status":"closed","ping_status":"closed","template":"","meta":{"_acf_changed":false,"inspiro_hide_title":false,"footnotes":""},"class_list":["post-20","page","type-page","status-publish","hentry"],"acf":[],"featured_media_urls":[],"_links":{"self":[{"href":"https:\/\/www.morenoalvarezabogados.com\/en\/wp-json\/wp\/v2\/pages\/20","targetHints":{"allow":["GET"]}}],"collection":[{"href":"https:\/\/www.morenoalvarezabogados.com\/en\/wp-json\/wp\/v2\/pages"}],"about":[{"href":"https:\/\/www.morenoalvarezabogados.com\/en\/wp-json\/wp\/v2\/types\/page"}],"author":[{"embeddable":true,"href":"https:\/\/www.morenoalvarezabogados.com\/en\/wp-json\/wp\/v2\/users\/1"}],"replies":[{"embeddable":true,"href":"https:\/\/www.morenoalvarezabogados.com\/en\/wp-json\/wp\/v2\/comments?post=20"}],"version-history":[{"count":99,"href":"https:\/\/www.morenoalvarezabogados.com\/en\/wp-json\/wp\/v2\/pages\/20\/revisions"}],"predecessor-version":[{"id":5530,"href":"https:\/\/www.morenoalvarezabogados.com\/en\/wp-json\/wp\/v2\/pages\/20\/revisions\/5530"}],"wp:attachment":[{"href":"https:\/\/www.morenoalvarezabogados.com\/en\/wp-json\/wp\/v2\/media?parent=20"}],"curies":[{"name":"wp","href":"https:\/\/api.w.org\/{rel}","templated":true}]}}