{"id":1060,"date":"2025-09-26T04:51:09","date_gmt":"2025-09-26T02:51:09","guid":{"rendered":"https:\/\/www.morenoalvarezabogados.com\/?page_id=1060"},"modified":"2026-01-21T06:53:06","modified_gmt":"2026-01-21T05:53:06","slug":"jose-luis-moreno-alvarez","status":"publish","type":"page","link":"https:\/\/www.morenoalvarezabogados.com\/en\/jose-luis-moreno-alvarez\/","title":{"rendered":"Jose Luis Moreno Alvarez"},"content":{"rendered":"<div data-elementor-type=\"wp-page\" data-elementor-id=\"1060\" class=\"elementor elementor-1060\" data-elementor-post-type=\"page\">\n\t\t\t\t<div class=\"elementor-element elementor-element-7e2f7951 e-flex e-con-boxed e-con e-parent\" data-id=\"7e2f7951\" data-element_type=\"container\" data-e-type=\"container\">\n\t\t\t\t\t<div class=\"e-con-inner\">\n\t\t\t\t<div class=\"elementor-element elementor-element-4f5e449 elementor-widget elementor-widget-spacer\" data-id=\"4f5e449\" data-element_type=\"widget\" data-e-type=\"widget\" data-widget_type=\"spacer.default\">\n\t\t\t\t\t\t\t<div class=\"elementor-spacer\">\n\t\t\t<div class=\"elementor-spacer-inner\"><\/div>\n\t\t<\/div>\n\t\t\t\t\t\t<\/div>\n\t\t\t\t\t<\/div>\n\t\t\t\t<\/div>\n\t\t<div class=\"elementor-element elementor-element-24f3d53 e-grid e-con-full e-con e-parent\" data-id=\"24f3d53\" data-element_type=\"container\" data-e-type=\"container\" data-settings=\"{&quot;background_background&quot;:&quot;classic&quot;}\">\n\t\t<div class=\"elementor-element elementor-element-c0f0da8 e-flex e-con-boxed e-con e-child\" data-id=\"c0f0da8\" data-element_type=\"container\" data-e-type=\"container\" data-settings=\"{&quot;background_background&quot;:&quot;classic&quot;}\">\n\t\t\t\t\t<div class=\"e-con-inner\">\n\t\t\t\t<div class=\"elementor-element elementor-element-300f17a elementor-widget elementor-widget-image\" data-id=\"300f17a\" data-element_type=\"widget\" data-e-type=\"widget\" data-widget_type=\"image.default\">\n\t\t\t\t\t\t\t\t\t\t\t\t\t\t\t<img fetchpriority=\"high\" decoding=\"async\" width=\"251\" height=\"300\" src=\"https:\/\/www.morenoalvarezabogados.com\/wp-content\/uploads\/2025\/08\/1-2-251x300.jpg\" class=\"attachment-medium size-medium wp-image-690\" alt=\"\" srcset=\"https:\/\/www.morenoalvarezabogados.com\/wp-content\/uploads\/2025\/08\/1-2-251x300.jpg 251w, https:\/\/www.morenoalvarezabogados.com\/wp-content\/uploads\/2025\/08\/1-2-856x1024.jpg 856w, https:\/\/www.morenoalvarezabogados.com\/wp-content\/uploads\/2025\/08\/1-2-600x718.jpg 600w, https:\/\/www.morenoalvarezabogados.com\/wp-content\/uploads\/2025\/08\/1-2-10x12.jpg 10w, https:\/\/www.morenoalvarezabogados.com\/wp-content\/uploads\/2025\/08\/1-2.jpg 1080w\" sizes=\"100vw\" \/>\t\t\t\t\t\t\t\t\t\t\t\t\t\t\t<\/div>\n\t\t\t\t<div class=\"elementor-element elementor-element-2f00753 elementor-widget elementor-widget-text-editor\" data-id=\"2f00753\" data-element_type=\"widget\" data-e-type=\"widget\" data-widget_type=\"text-editor.default\">\n\t\t\t\t\t\t\t\t\t<p style=\"text-align: center;\"><strong>Dr. JOSE LUIS MORENO ALVAREZ<\/strong><\/p><p style=\"text-align: center;\">CEO<\/p>\t\t\t\t\t\t\t\t<\/div>\n\t\t\t\t<div class=\"elementor-element elementor-element-466ffe3 elementor-widget elementor-widget-text-editor\" data-id=\"466ffe3\" data-element_type=\"widget\" data-e-type=\"widget\" data-widget_type=\"text-editor.default\">\n\t\t\t\t\t\t\t\t\t<p data-start=\"175\" data-end=\"563\">Attorney with more than 10 years of experience in litigation, legal advisory, and consultancy for individuals, companies, and public officials. His professional career has established him as a high-impact practitioner in the field of criminal law in Colombia, recognized for the strength of his defenses, the decisiveness of his legal interventions, and his commitment to representing complex cases.<\/p><p data-start=\"175\" data-end=\"563\">His passion for justice led him to found the firm <strong>MORENO ALVAREZ ABOGADOS<\/strong>, of which he is currently the CEO. From this role, he meticulously oversees each process carried out by his team, ensuring comprehensive and high-quality support for those who place their trust in the firm\u2019s legal services.\u00a0<\/p><p data-start=\"565\" data-end=\"1003\">Speaker, member of the <strong>Colegio Colombiano de Abogados Penalistas <\/strong>and columnist for the media outlet <strong>Rio Grande<\/strong>, has complementary training in senior management, human resources administration, talent management, and the prevention of risks related to money laundering and terrorism financing. This combination makes him a well-rounded professional, prepared to handle highly complex litigation with both a legal and strategic perspective.<\/p><p data-start=\"1005\" data-end=\"1638\">He has extensive experience in the defense of human rights, representing victims of the armed conflict in their pursuit of truth, justice, and reparations. He has provided legal support and judicial representation in proceedings related to death, enforced disappearance, forced displacement, torture, and the search for missing persons, reaffirming his commitment to human dignity and the construction of a more just society. This work has earned him international recognition, particularly from the <strong>Comisi\u00f3n Interamericana de Derechos Humanos<\/strong>, which granted precautionary measures in his favor.<\/p><p data-start=\"1640\" data-end=\"2049\">His professional philosophy is based on providing a firm and strategic defense, understanding that each case involves not only a thorough legal analysis but also the lives, freedom, and dignity of the people involved. This conviction has become his greatest motivation to courageously face the most challenging cases, under the belief that <strong>there are no small battles and no lost causes<\/strong>.<\/p><p data-start=\"2051\" data-end=\"2358\">\u00a0<\/p>\t\t\t\t\t\t\t\t<\/div>\n\t\t\t\t\t<\/div>\n\t\t\t\t<\/div>\n\t\t\t\t<\/div>\n\t\t\t\t<\/div>","protected":false},"excerpt":{"rendered":"<p>Dr. JOSE LUIS MORENO ALVAREZ CEO Abogado con m\u00e1s de 10 a\u00f1os de experiencia en litigio, asesor\u00eda y consultor\u00eda a personas naturales, empresas y servidores p\u00fablicos. Su trayectoria lo ha consolidado como un profesional de alto impacto en el \u00e1mbito del derecho penal en Colombia, reconocido por la solidez de sus defensas, la contundencia de &hellip; <\/p>\n<p class=\"link-more\"><a href=\"https:\/\/www.morenoalvarezabogados.com\/en\/jose-luis-moreno-alvarez\/\" class=\"more-link\">Read more<span class=\"screen-reader-text\"> &#8220;Jose Luis Moreno Alvarez&#8221;<\/span><\/a><\/p>","protected":false},"author":1,"featured_media":690,"parent":0,"menu_order":0,"comment_status":"closed","ping_status":"closed","template":"","meta":{"_acf_changed":false,"inspiro_hide_title":false,"footnotes":""},"class_list":["post-1060","page","type-page","status-publish","has-post-thumbnail","hentry"],"acf":[],"featured_media_urls":{"thumbnail":["https:\/\/www.morenoalvarezabogados.com\/wp-content\/uploads\/2025\/08\/1-2-150x150.jpg",150,150,true],"medium":["https:\/\/www.morenoalvarezabogados.com\/wp-content\/uploads\/2025\/08\/1-2-251x300.jpg",251,300,true],"medium_large":["https:\/\/www.morenoalvarezabogados.com\/wp-content\/uploads\/2025\/08\/1-2.jpg",768,919,false],"large":["https:\/\/www.morenoalvarezabogados.com\/wp-content\/uploads\/2025\/08\/1-2-856x1024.jpg",856,1024,true],"1536x1536":["https:\/\/www.morenoalvarezabogados.com\/wp-content\/uploads\/2025\/08\/1-2.jpg",1080,1292,false],"2048x2048":["https:\/\/www.morenoalvarezabogados.com\/wp-content\/uploads\/2025\/08\/1-2.jpg",1080,1292,false],"trp-custom-language-flag":["https:\/\/www.morenoalvarezabogados.com\/wp-content\/uploads\/2025\/08\/1-2-10x12.jpg",10,12,true],"inspiro-featured-image":["https:\/\/www.morenoalvarezabogados.com\/wp-content\/uploads\/2025\/08\/1-2.jpg",1080,1292,false],"inspiro-loop":["https:\/\/www.morenoalvarezabogados.com\/wp-content\/uploads\/2025\/08\/1-2-950x320.jpg",950,320,true],"inspiro-loop@2x":["https:\/\/www.morenoalvarezabogados.com\/wp-content\/uploads\/2025\/08\/1-2-1080x640.jpg",1080,640,true],"portfolio_item-thumbnail":["https:\/\/www.morenoalvarezabogados.com\/wp-content\/uploads\/2025\/08\/1-2-600x400.jpg",600,400,true],"portfolio_item-thumbnail@2x":["https:\/\/www.morenoalvarezabogados.com\/wp-content\/uploads\/2025\/08\/1-2-1080x800.jpg",1080,800,true],"portfolio_item-masonry":["https:\/\/www.morenoalvarezabogados.com\/wp-content\/uploads\/2025\/08\/1-2-600x718.jpg",600,718,true],"portfolio_item-masonry@2x":["https:\/\/www.morenoalvarezabogados.com\/wp-content\/uploads\/2025\/08\/1-2.jpg",1080,1292,false],"portfolio_item-thumbnail_cinema":["https:\/\/www.morenoalvarezabogados.com\/wp-content\/uploads\/2025\/08\/1-2-800x335.jpg",800,335,true],"portfolio_item-thumbnail_portrait":["https:\/\/www.morenoalvarezabogados.com\/wp-content\/uploads\/2025\/08\/1-2-600x900.jpg",600,900,true],"portfolio_item-thumbnail_portrait@2x":["https:\/\/www.morenoalvarezabogados.com\/wp-content\/uploads\/2025\/08\/1-2.jpg",1080,1292,false],"portfolio_item-thumbnail_square":["https:\/\/www.morenoalvarezabogados.com\/wp-content\/uploads\/2025\/08\/1-2-800x800.jpg",800,800,true]},"_links":{"self":[{"href":"https:\/\/www.morenoalvarezabogados.com\/en\/wp-json\/wp\/v2\/pages\/1060","targetHints":{"allow":["GET"]}}],"collection":[{"href":"https:\/\/www.morenoalvarezabogados.com\/en\/wp-json\/wp\/v2\/pages"}],"about":[{"href":"https:\/\/www.morenoalvarezabogados.com\/en\/wp-json\/wp\/v2\/types\/page"}],"author":[{"embeddable":true,"href":"https:\/\/www.morenoalvarezabogados.com\/en\/wp-json\/wp\/v2\/users\/1"}],"replies":[{"embeddable":true,"href":"https:\/\/www.morenoalvarezabogados.com\/en\/wp-json\/wp\/v2\/comments?post=1060"}],"version-history":[{"count":40,"href":"https:\/\/www.morenoalvarezabogados.com\/en\/wp-json\/wp\/v2\/pages\/1060\/revisions"}],"predecessor-version":[{"id":5514,"href":"https:\/\/www.morenoalvarezabogados.com\/en\/wp-json\/wp\/v2\/pages\/1060\/revisions\/5514"}],"wp:featuredmedia":[{"embeddable":true,"href":"https:\/\/www.morenoalvarezabogados.com\/en\/wp-json\/wp\/v2\/media\/690"}],"wp:attachment":[{"href":"https:\/\/www.morenoalvarezabogados.com\/en\/wp-json\/wp\/v2\/media?parent=1060"}],"curies":[{"name":"wp","href":"https:\/\/api.w.org\/{rel}","templated":true}]}}